{"id":1509,"date":"2025-07-12T07:40:43","date_gmt":"2025-07-12T07:40:43","guid":{"rendered":"https:\/\/greenmood.us\/be\/?page_id=1509"},"modified":"2025-10-17T15:28:54","modified_gmt":"2025-10-17T15:28:54","slug":"murs-liege-acoustiques","status":"publish","type":"page","link":"https:\/\/greenmood.be\/en\/murs-liege-acoustiques\/","title":{"rendered":"Murs en li\u00e8ge acoustiques sur mesure"},"content":{"rendered":"<div data-elementor-type=\"wp-page\" data-elementor-id=\"1509\" class=\"elementor elementor-1509\" data-elementor-post-type=\"page\">\n\t\t\t\t<div data-particle_enable=\"false\" data-particle-mobile-disabled=\"false\" class=\"elementor-element elementor-element-d428508 e-flex e-con-boxed e-con e-parent\" data-id=\"d428508\" data-element_type=\"container\" data-e-type=\"container\" data-settings=\"{&quot;background_background&quot;:&quot;classic&quot;}\">\n\t\t\t\t\t<div class=\"e-con-inner\">\n\t\t\t\t<div class=\"elementor-element elementor-element-6246b5a elementor-widget elementor-widget-html\" data-id=\"6246b5a\" data-element_type=\"widget\" data-e-type=\"widget\" data-widget_type=\"html.default\">\n\t\t\t\t\t<h1 style=\"  text-align: center;  margin: 0;  line-height: 1.1;  color: #333333;\">\r\n  <span style=\"    display: block;    font-family: 'Poppins', serif;    font-size: 28px;    font-weight: 500;  \">\r\n    Cork Tiles\r\n  <\/span>\r\n  <span style=\"    display: block;    font-family: 'Spezia Serif Book A', serif;    font-size: 24px;    font-weight: 400;    margin-top: -2px;  \">\r\n   Natural Acoustic &amp; Design Surfaces\r\n  <\/span>\r\n<\/h1>\r\n\t\t\t\t<\/div>\n\t\t\t\t\t<\/div>\n\t\t\t\t<\/div>\n\t\t<div data-particle_enable=\"false\" data-particle-mobile-disabled=\"false\" class=\"elementor-element elementor-element-9c1777b e-flex e-con-boxed e-con e-parent\" data-id=\"9c1777b\" data-element_type=\"container\" data-e-type=\"container\">\n\t\t\t\t\t<div class=\"e-con-inner\">\n\t\t<div data-particle_enable=\"false\" data-particle-mobile-disabled=\"false\" class=\"elementor-element elementor-element-6e4f80e e-con-full e-flex e-con e-child\" data-id=\"6e4f80e\" data-element_type=\"container\" data-e-type=\"container\">\n\t\t\t\t<div class=\"elementor-element elementor-element-90e130f elementor-invisible elementor-widget elementor-widget-text-editor\" data-id=\"90e130f\" data-element_type=\"widget\" data-e-type=\"widget\" data-settings=\"{&quot;_animation&quot;:&quot;fadeInUp&quot;}\" data-widget_type=\"text-editor.default\">\n\t\t\t\t\t\t\t\t\t<p>Elevate your interiors with sculptural cork walls that blend architectural rhythm, natural texture and certified acoustic comfort \u2013 all in a sustainable and customizable format.<\/p>\t\t\t\t\t\t\t\t<\/div>\n\t\t\t\t<\/div>\n\t\t\t\t\t<\/div>\n\t\t\t\t<\/div>\n\t\t<div data-particle_enable=\"false\" data-particle-mobile-disabled=\"false\" class=\"elementor-element elementor-element-e5fbc3d animated-slow e-flex e-con-boxed elementor-invisible e-con e-parent\" data-id=\"e5fbc3d\" data-element_type=\"container\" data-e-type=\"container\" data-settings=\"{&quot;animation&quot;:&quot;fadeIn&quot;}\">\n\t\t\t\t\t<div class=\"e-con-inner\">\n\t\t<div data-particle_enable=\"false\" data-particle-mobile-disabled=\"false\" class=\"elementor-element elementor-element-76265ff e-con-full e-flex e-con e-child\" data-id=\"76265ff\" data-element_type=\"container\" data-e-type=\"container\">\n\t\t\t\t<div class=\"elementor-element elementor-element-288ea6e elementor-widget elementor-widget-image\" data-id=\"288ea6e\" data-element_type=\"widget\" data-e-type=\"widget\" data-widget_type=\"image.default\">\n\t\t\t\t\t\t\t\t\t\t\t\t\t\t\t\t<a href=\"https:\/\/greenmood.be\/en\/murs-acoustiques-liege\/parenthese\/\">\n\t\t\t\t\t\t\t<img alt=\"\" fetchpriority=\"high\" decoding=\"async\" width=\"800\" height=\"500\" src=\"https:\/\/greenmood.be\/wp-content\/uploads\/sites\/6\/2025\/07\/Parenthese-large-03-1024x640.webp\" class=\"attachment-large size-large wp-image-3331\" srcset=\"https:\/\/greenmood.be\/wp-content\/uploads\/sites\/6\/2025\/07\/Parenthese-large-03-1024x640.webp 1024w, https:\/\/greenmood.be\/wp-content\/uploads\/sites\/6\/2025\/07\/Parenthese-large-03-300x188.webp 300w, https:\/\/greenmood.be\/wp-content\/uploads\/sites\/6\/2025\/07\/Parenthese-large-03-768x480.webp 768w, https:\/\/greenmood.be\/wp-content\/uploads\/sites\/6\/2025\/07\/Parenthese-large-03-1536x960.webp 1536w, https:\/\/greenmood.be\/wp-content\/uploads\/sites\/6\/2025\/07\/Parenthese-large-03.webp 1600w\" sizes=\"(max-width: 800px) 100vw, 800px\" \/>\t\t\t\t\t\t\t\t<\/a>\n\t\t\t\t\t\t\t\t\t\t\t\t\t\t\t<\/div>\n\t\t\t\t<div class=\"elementor-element elementor-element-004fec8 elementor-widget elementor-widget-heading\" data-id=\"004fec8\" data-element_type=\"widget\" data-e-type=\"widget\" data-widget_type=\"heading.default\">\n\t\t\t\t\t<h2 class=\"elementor-heading-title elementor-size-default\"><a href=\"https:\/\/greenmood.be\/en\/murs-acoustiques-liege\/parenthese\/\">Parenthese<\/a><\/h2>\t\t\t\t<\/div>\n\t\t\t\t<\/div>\n\t\t<div data-particle_enable=\"false\" data-particle-mobile-disabled=\"false\" class=\"elementor-element elementor-element-abfea2d e-con-full e-flex e-con e-child\" data-id=\"abfea2d\" data-element_type=\"container\" data-e-type=\"container\">\n\t\t\t\t<div class=\"elementor-element elementor-element-b7cef7a elementor-widget elementor-widget-image\" data-id=\"b7cef7a\" data-element_type=\"widget\" data-e-type=\"widget\" data-widget_type=\"image.default\">\n\t\t\t\t\t\t\t\t\t\t\t\t\t\t\t\t<a href=\"https:\/\/greenmood.be\/en\/murs-acoustiques-liege\/sillon\/\">\n\t\t\t\t\t\t\t<img alt=\"\" decoding=\"async\" width=\"800\" height=\"500\" src=\"https:\/\/greenmood.be\/wp-content\/uploads\/sites\/6\/2025\/07\/Sillon-large-02-1024x640.webp\" class=\"attachment-large size-large wp-image-3328\" srcset=\"https:\/\/greenmood.be\/wp-content\/uploads\/sites\/6\/2025\/07\/Sillon-large-02-1024x640.webp 1024w, https:\/\/greenmood.be\/wp-content\/uploads\/sites\/6\/2025\/07\/Sillon-large-02-300x188.webp 300w, https:\/\/greenmood.be\/wp-content\/uploads\/sites\/6\/2025\/07\/Sillon-large-02-768x480.webp 768w, https:\/\/greenmood.be\/wp-content\/uploads\/sites\/6\/2025\/07\/Sillon-large-02-1536x960.webp 1536w, https:\/\/greenmood.be\/wp-content\/uploads\/sites\/6\/2025\/07\/Sillon-large-02.webp 1600w\" sizes=\"(max-width: 800px) 100vw, 800px\" \/>\t\t\t\t\t\t\t\t<\/a>\n\t\t\t\t\t\t\t\t\t\t\t\t\t\t\t<\/div>\n\t\t\t\t<div class=\"elementor-element elementor-element-0d6689e elementor-widget elementor-widget-heading\" data-id=\"0d6689e\" data-element_type=\"widget\" data-e-type=\"widget\" data-widget_type=\"heading.default\">\n\t\t\t\t\t<h2 class=\"elementor-heading-title elementor-size-default\"><a href=\"https:\/\/greenmood.be\/en\/murs-acoustiques-liege\/sillon\/\">Sillon<\/a><\/h2>\t\t\t\t<\/div>\n\t\t\t\t<\/div>\n\t\t\t\t\t<\/div>\n\t\t\t\t<\/div>\n\t\t<div data-particle_enable=\"false\" data-particle-mobile-disabled=\"false\" class=\"elementor-element elementor-element-8b189f0 animated-slow e-flex e-con-boxed elementor-invisible e-con e-parent\" data-id=\"8b189f0\" data-element_type=\"container\" data-e-type=\"container\" data-settings=\"{&quot;animation&quot;:&quot;fadeIn&quot;}\">\n\t\t\t\t\t<div class=\"e-con-inner\">\n\t\t<div data-particle_enable=\"false\" data-particle-mobile-disabled=\"false\" class=\"elementor-element elementor-element-99478e0 e-con-full e-flex e-con e-child\" data-id=\"99478e0\" data-element_type=\"container\" data-e-type=\"container\">\n\t\t\t\t<div class=\"elementor-element elementor-element-5bad4c9 elementor-widget elementor-widget-image\" data-id=\"5bad4c9\" data-element_type=\"widget\" data-e-type=\"widget\" data-widget_type=\"image.default\">\n\t\t\t\t\t\t\t\t\t\t\t\t\t\t\t\t<a href=\"https:\/\/greenmood.be\/en\/murs-acoustiques-liege\/brickx\/\">\n\t\t\t\t\t\t\t<img alt=\"\" decoding=\"async\" width=\"800\" height=\"500\" src=\"https:\/\/greenmood.be\/wp-content\/uploads\/sites\/6\/2025\/07\/Brickx-large-02-1024x640.webp\" class=\"attachment-large size-large wp-image-3329\" srcset=\"https:\/\/greenmood.be\/wp-content\/uploads\/sites\/6\/2025\/07\/Brickx-large-02-1024x640.webp 1024w, https:\/\/greenmood.be\/wp-content\/uploads\/sites\/6\/2025\/07\/Brickx-large-02-300x188.webp 300w, https:\/\/greenmood.be\/wp-content\/uploads\/sites\/6\/2025\/07\/Brickx-large-02-768x480.webp 768w, https:\/\/greenmood.be\/wp-content\/uploads\/sites\/6\/2025\/07\/Brickx-large-02-1536x960.webp 1536w, https:\/\/greenmood.be\/wp-content\/uploads\/sites\/6\/2025\/07\/Brickx-large-02.webp 1600w\" sizes=\"(max-width: 800px) 100vw, 800px\" \/>\t\t\t\t\t\t\t\t<\/a>\n\t\t\t\t\t\t\t\t\t\t\t\t\t\t\t<\/div>\n\t\t\t\t<div class=\"elementor-element elementor-element-5bfa593 elementor-widget elementor-widget-heading\" data-id=\"5bfa593\" data-element_type=\"widget\" data-e-type=\"widget\" data-widget_type=\"heading.default\">\n\t\t\t\t\t<h2 class=\"elementor-heading-title elementor-size-default\"><a href=\"https:\/\/greenmood.be\/en\/murs-acoustiques-liege\/brickx\/\">Brickx<\/a><\/h2>\t\t\t\t<\/div>\n\t\t\t\t<\/div>\n\t\t<div data-particle_enable=\"false\" data-particle-mobile-disabled=\"false\" class=\"elementor-element elementor-element-366a7c0 e-con-full e-flex e-con e-child\" data-id=\"366a7c0\" data-element_type=\"container\" data-e-type=\"container\">\n\t\t\t\t<div class=\"elementor-element elementor-element-d91e3c7 elementor-widget elementor-widget-image\" data-id=\"d91e3c7\" data-element_type=\"widget\" data-e-type=\"widget\" data-widget_type=\"image.default\">\n\t\t\t\t\t\t\t\t\t\t\t\t\t\t\t\t<a href=\"https:\/\/greenmood.be\/en\/murs-acoustiques-liege\/morse\/\">\n\t\t\t\t\t\t\t<img alt=\"\" loading=\"lazy\" decoding=\"async\" width=\"800\" height=\"500\" src=\"https:\/\/greenmood.be\/wp-content\/uploads\/sites\/6\/2025\/07\/Morse-large-02-1024x640.webp\" class=\"attachment-large size-large wp-image-3330\" srcset=\"https:\/\/greenmood.be\/wp-content\/uploads\/sites\/6\/2025\/07\/Morse-large-02-1024x640.webp 1024w, https:\/\/greenmood.be\/wp-content\/uploads\/sites\/6\/2025\/07\/Morse-large-02-300x188.webp 300w, https:\/\/greenmood.be\/wp-content\/uploads\/sites\/6\/2025\/07\/Morse-large-02-768x480.webp 768w, https:\/\/greenmood.be\/wp-content\/uploads\/sites\/6\/2025\/07\/Morse-large-02-1536x960.webp 1536w, https:\/\/greenmood.be\/wp-content\/uploads\/sites\/6\/2025\/07\/Morse-large-02.webp 1600w\" sizes=\"(max-width: 800px) 100vw, 800px\" \/>\t\t\t\t\t\t\t\t<\/a>\n\t\t\t\t\t\t\t\t\t\t\t\t\t\t\t<\/div>\n\t\t\t\t<div class=\"elementor-element elementor-element-456b0f5 elementor-widget elementor-widget-heading\" data-id=\"456b0f5\" data-element_type=\"widget\" data-e-type=\"widget\" data-widget_type=\"heading.default\">\n\t\t\t\t\t<h2 class=\"elementor-heading-title elementor-size-default\"><a href=\"https:\/\/greenmood.be\/en\/murs-acoustiques-liege\/morse\/\">Morse<\/a><\/h2>\t\t\t\t<\/div>\n\t\t\t\t<\/div>\n\t\t\t\t\t<\/div>\n\t\t\t\t<\/div>\n\t\t<div data-particle_enable=\"false\" data-particle-mobile-disabled=\"false\" class=\"elementor-element elementor-element-9032a39 e-con-full e-flex e-con e-parent\" data-id=\"9032a39\" data-element_type=\"container\" data-e-type=\"container\">\n\t\t<div data-particle_enable=\"false\" data-particle-mobile-disabled=\"false\" class=\"elementor-element elementor-element-a6b3da3 e-con-full e-flex e-con e-child\" data-id=\"a6b3da3\" data-element_type=\"container\" data-e-type=\"container\" data-settings=\"{&quot;background_background&quot;:&quot;classic&quot;}\">\n\t\t\t\t<div class=\"elementor-element elementor-element-35dfd9c elementor-invisible elementor-widget elementor-widget-image\" data-id=\"35dfd9c\" data-element_type=\"widget\" data-e-type=\"widget\" data-settings=\"{&quot;_animation&quot;:&quot;fadeInUp&quot;}\" data-widget_type=\"image.default\">\n\t\t\t\t\t\t\t\t\t\t\t\t\t\t\t<img alt=\"\" loading=\"lazy\" decoding=\"async\" width=\"673\" height=\"673\" src=\"https:\/\/greenmood.be\/wp-content\/uploads\/sites\/6\/2025\/07\/HIP.webp\" class=\"attachment-large size-large wp-image-1522\" srcset=\"https:\/\/greenmood.be\/wp-content\/uploads\/sites\/6\/2025\/07\/HIP.webp 673w, https:\/\/greenmood.be\/wp-content\/uploads\/sites\/6\/2025\/07\/HIP-300x300.webp 300w, https:\/\/greenmood.be\/wp-content\/uploads\/sites\/6\/2025\/07\/HIP-150x150.webp 150w, https:\/\/greenmood.be\/wp-content\/uploads\/sites\/6\/2025\/07\/HIP-600x600.webp 600w, https:\/\/greenmood.be\/wp-content\/uploads\/sites\/6\/2025\/07\/HIP-100x100.webp 100w\" sizes=\"(max-width: 673px) 100vw, 673px\" \/>\t\t\t\t\t\t\t\t\t\t\t\t\t\t\t<\/div>\n\t\t\t\t<div class=\"elementor-element elementor-element-a9a04d8 elementor-invisible elementor-widget elementor-widget-heading\" data-id=\"a9a04d8\" data-element_type=\"widget\" data-e-type=\"widget\" data-settings=\"{&quot;_animation&quot;:&quot;fadeInUp&quot;}\" data-widget_type=\"heading.default\">\n\t\t\t\t\t<h2 class=\"elementor-heading-title elementor-size-default\">Where architecture meets sustainability<\/h2>\t\t\t\t<\/div>\n\t\t<div data-particle_enable=\"false\" data-particle-mobile-disabled=\"false\" class=\"elementor-element elementor-element-9c52e8c e-con-full e-flex e-con e-child\" data-id=\"9c52e8c\" data-element_type=\"container\" data-e-type=\"container\">\n\t\t\t\t<div class=\"elementor-element elementor-element-4a55f91 elementor-invisible elementor-widget elementor-widget-html\" data-id=\"4a55f91\" data-element_type=\"widget\" data-e-type=\"widget\" data-settings=\"{&quot;_animation&quot;:&quot;fadeInUp&quot;}\" data-widget_type=\"html.default\">\n\t\t\t\t\t<div style=\"width:1.5px; height:80px; background-color:#333333; margin: auto;\"><\/div>\r\n\t\t\t\t<\/div>\n\t\t\t\t<\/div>\n\t\t<div data-particle_enable=\"false\" data-particle-mobile-disabled=\"false\" class=\"elementor-element elementor-element-45f8bdb e-con-full e-flex elementor-invisible e-con e-child\" data-id=\"45f8bdb\" data-element_type=\"container\" data-e-type=\"container\" data-settings=\"{&quot;animation&quot;:&quot;fadeInUp&quot;}\">\n\t\t<div data-particle_enable=\"false\" data-particle-mobile-disabled=\"false\" class=\"elementor-element elementor-element-ca7f572 e-con-full e-flex e-con e-child\" data-id=\"ca7f572\" data-element_type=\"container\" data-e-type=\"container\">\n\t\t\t\t<div class=\"elementor-element elementor-element-d4b4701 elementor-widget elementor-widget-text-editor\" data-id=\"d4b4701\" data-element_type=\"widget\" data-e-type=\"widget\" data-widget_type=\"text-editor.default\">\n\t\t\t\t\t\t\t\t\t<p>The Cork Tiles collection was created by designer Alain Gilles, inspired by the rhythm and depth of brick architecture. Each piece brings a tactile warmth and visual structure, blending acoustic function with biophilic form.<\/p>\t\t\t\t\t\t\t\t<\/div>\n\t\t\t\t<\/div>\n\t\t<div data-particle_enable=\"false\" data-particle-mobile-disabled=\"false\" class=\"elementor-element elementor-element-70730f7 e-con-full e-flex e-con e-child\" data-id=\"70730f7\" data-element_type=\"container\" data-e-type=\"container\">\n\t\t\t\t<div class=\"elementor-element elementor-element-6b3dd22 elementor-widget elementor-widget-text-editor\" data-id=\"6b3dd22\" data-element_type=\"widget\" data-e-type=\"widget\" data-widget_type=\"text-editor.default\">\n\t\t\t\t\t\t\t\t\t<p>Made entirely from natural cork, these modular surfaces offer a renewable and sustainable alternative, combining low environmental impact with timeless design.<\/p>\t\t\t\t\t\t\t\t<\/div>\n\t\t\t\t<\/div>\n\t\t\t\t<\/div>\n\t\t\t\t<\/div>\n\t\t<div data-particle_enable=\"false\" data-particle-mobile-disabled=\"false\" class=\"elementor-element elementor-element-76ee4fa e-con-full animated-slow e-flex elementor-invisible e-con e-child\" data-id=\"76ee4fa\" data-element_type=\"container\" data-e-type=\"container\" data-settings=\"{&quot;background_background&quot;:&quot;classic&quot;,&quot;animation&quot;:&quot;fadeIn&quot;}\">\n\t\t\t\t<div class=\"elementor-element elementor-element-7717251 elementor-widget__width-initial elementor-widget elementor-widget-image\" data-id=\"7717251\" data-element_type=\"widget\" data-e-type=\"widget\" data-widget_type=\"image.default\">\n\t\t\t\t\t\t\t\t\t\t\t\t\t\t\t\t<a href=\"https:\/\/youtu.be\/y5JFP-qoNtY?si=CgTL7H7KjIHiHA3d\" target=\"_blank\">\n\t\t\t\t\t\t\t<img alt=\"\" loading=\"lazy\" decoding=\"async\" width=\"168\" height=\"168\" src=\"https:\/\/greenmood.be\/wp-content\/uploads\/sites\/6\/2025\/07\/Play-02.webp\" class=\"attachment-large size-large wp-image-1730\" srcset=\"https:\/\/greenmood.be\/wp-content\/uploads\/sites\/6\/2025\/07\/Play-02.webp 168w, https:\/\/greenmood.be\/wp-content\/uploads\/sites\/6\/2025\/07\/Play-02-150x150.webp 150w, https:\/\/greenmood.be\/wp-content\/uploads\/sites\/6\/2025\/07\/Play-02-100x100.webp 100w\" sizes=\"(max-width: 168px) 100vw, 168px\" \/>\t\t\t\t\t\t\t\t<\/a>\n\t\t\t\t\t\t\t\t\t\t\t\t\t\t\t<\/div>\n\t\t\t\t<\/div>\n\t\t\t\t<\/div>\n\t\t<div data-particle_enable=\"false\" data-particle-mobile-disabled=\"false\" class=\"elementor-element elementor-element-a933e72 e-con-full e-flex e-con e-parent\" data-id=\"a933e72\" data-element_type=\"container\" data-e-type=\"container\">\n\t\t<div data-particle_enable=\"false\" data-particle-mobile-disabled=\"false\" class=\"elementor-element elementor-element-3232233 e-con-full e-flex e-con e-child\" data-id=\"3232233\" data-element_type=\"container\" data-e-type=\"container\" data-settings=\"{&quot;background_background&quot;:&quot;classic&quot;}\">\n\t\t\t\t<div class=\"elementor-element elementor-element-df07942 elementor-invisible elementor-widget elementor-widget-heading\" data-id=\"df07942\" data-element_type=\"widget\" data-e-type=\"widget\" data-settings=\"{&quot;_animation&quot;:&quot;fadeInUp&quot;}\" data-widget_type=\"heading.default\">\n\t\t\t\t\t<h2 class=\"elementor-heading-title elementor-size-default\">The beginning of a creative journey<\/h2>\t\t\t\t<\/div>\n\t\t<div data-particle_enable=\"false\" data-particle-mobile-disabled=\"false\" class=\"elementor-element elementor-element-059ab24 e-con-full e-flex e-con e-child\" data-id=\"059ab24\" data-element_type=\"container\" data-e-type=\"container\">\n\t\t\t\t<div class=\"elementor-element elementor-element-8a1d72a elementor-invisible elementor-widget elementor-widget-html\" data-id=\"8a1d72a\" data-element_type=\"widget\" data-e-type=\"widget\" data-settings=\"{&quot;_animation&quot;:&quot;fadeInUp&quot;}\" data-widget_type=\"html.default\">\n\t\t\t\t\t<div style=\"width:1.5px; height:80px; background-color:#333333; margin: auto;\"><\/div>\r\n\t\t\t\t<\/div>\n\t\t\t\t<\/div>\n\t\t<div data-particle_enable=\"false\" data-particle-mobile-disabled=\"false\" class=\"elementor-element elementor-element-c691fc9 e-con-full e-flex e-con e-child\" data-id=\"c691fc9\" data-element_type=\"container\" data-e-type=\"container\">\n\t\t<div data-particle_enable=\"false\" data-particle-mobile-disabled=\"false\" class=\"elementor-element elementor-element-31aa44f e-con-full e-flex e-con e-child\" data-id=\"31aa44f\" data-element_type=\"container\" data-e-type=\"container\">\n\t\t\t\t<div class=\"elementor-element elementor-element-eb52e23 elementor-widget elementor-widget-text-editor\" data-id=\"eb52e23\" data-element_type=\"widget\" data-e-type=\"widget\" data-widget_type=\"text-editor.default\">\n\t\t\t\t\t\t\t\t\t<p>Driven by a shared vision of eco-conscious design, Alain Gilles and Sadig imagined cork wall tiles as a new paradigm in interior architecture. After years of development, their concept came to life.<\/p>\t\t\t\t\t\t\t\t<\/div>\n\t\t\t\t<\/div>\n\t\t<div data-particle_enable=\"false\" data-particle-mobile-disabled=\"false\" class=\"elementor-element elementor-element-016a3bb e-con-full e-flex e-con e-child\" data-id=\"016a3bb\" data-element_type=\"container\" data-e-type=\"container\">\n\t\t\t\t<div class=\"elementor-element elementor-element-9ec25ee elementor-widget elementor-widget-text-editor\" data-id=\"9ec25ee\" data-element_type=\"widget\" data-e-type=\"widget\" data-widget_type=\"text-editor.default\">\n\t\t\t\t\t\t\t\t\t<p>Combining sustainable materials, acoustic efficiency, and visual elegance. Easy to install and customizable, these tiles mark a new era of responsible design.<\/p>\t\t\t\t\t\t\t\t<\/div>\n\t\t\t\t<\/div>\n\t\t\t\t<\/div>\n\t\t\t\t<\/div>\n\t\t<div data-particle_enable=\"false\" data-particle-mobile-disabled=\"false\" class=\"elementor-element elementor-element-adb7c86 e-con-full animated-slow e-flex elementor-invisible e-con e-child\" data-id=\"adb7c86\" data-element_type=\"container\" data-e-type=\"container\" data-settings=\"{&quot;background_background&quot;:&quot;classic&quot;,&quot;animation&quot;:&quot;fadeIn&quot;}\">\n\t\t\t\t<\/div>\n\t\t\t\t<\/div>\n\t\t<div data-particle_enable=\"false\" data-particle-mobile-disabled=\"false\" class=\"elementor-element elementor-element-4519330 e-con-full e-flex e-con e-parent\" data-id=\"4519330\" data-element_type=\"container\" data-e-type=\"container\">\n\t\t<div data-particle_enable=\"false\" data-particle-mobile-disabled=\"false\" class=\"elementor-element elementor-element-e065ee7 e-con-full e-flex e-con e-child\" data-id=\"e065ee7\" data-element_type=\"container\" data-e-type=\"container\" data-settings=\"{&quot;background_background&quot;:&quot;classic&quot;}\">\n\t\t\t\t<div class=\"elementor-element elementor-element-08bd47d elementor-invisible elementor-widget elementor-widget-heading\" data-id=\"08bd47d\" data-element_type=\"widget\" data-e-type=\"widget\" data-settings=\"{&quot;_animation&quot;:&quot;fadeInUp&quot;}\" data-widget_type=\"heading.default\">\n\t\t\t\t\t<h2 class=\"elementor-heading-title elementor-size-default\">Why cork?<\/h2>\t\t\t\t<\/div>\n\t\t<div data-particle_enable=\"false\" data-particle-mobile-disabled=\"false\" class=\"elementor-element elementor-element-ea15df2 e-con-full e-flex e-con e-child\" data-id=\"ea15df2\" data-element_type=\"container\" data-e-type=\"container\">\n\t\t\t\t<div class=\"elementor-element elementor-element-40497d4 elementor-invisible elementor-widget elementor-widget-html\" data-id=\"40497d4\" data-element_type=\"widget\" data-e-type=\"widget\" data-settings=\"{&quot;_animation&quot;:&quot;fadeInUp&quot;}\" data-widget_type=\"html.default\">\n\t\t\t\t\t<div style=\"width:1.5px; height:80px; background-color:#333333; margin: auto;\"><\/div>\r\n\t\t\t\t<\/div>\n\t\t\t\t<\/div>\n\t\t<div data-particle_enable=\"false\" data-particle-mobile-disabled=\"false\" class=\"elementor-element elementor-element-b1e2b83 e-con-full e-flex elementor-invisible e-con e-child\" data-id=\"b1e2b83\" data-element_type=\"container\" data-e-type=\"container\" data-settings=\"{&quot;animation&quot;:&quot;fadeInUp&quot;}\">\n\t\t<div data-particle_enable=\"false\" data-particle-mobile-disabled=\"false\" class=\"elementor-element elementor-element-0f1493f e-con-full e-flex e-con e-child\" data-id=\"0f1493f\" data-element_type=\"container\" data-e-type=\"container\">\n\t\t\t\t<div class=\"elementor-element elementor-element-0bd06b6 elementor-widget elementor-widget-text-editor\" data-id=\"0bd06b6\" data-element_type=\"widget\" data-e-type=\"widget\" data-widget_type=\"text-editor.default\">\n\t\t\t\t\t\t\t\t\t<p>Cork is harvested without harming the trees, making it one of the most sustainable and regenerative materials in the world. Its entire lifecycle from bark to product is clean, chemical-free and fully renewable.<\/p>\t\t\t\t\t\t\t\t<\/div>\n\t\t\t\t<\/div>\n\t\t<div data-particle_enable=\"false\" data-particle-mobile-disabled=\"false\" class=\"elementor-element elementor-element-e9b6fbd e-con-full e-flex e-con e-child\" data-id=\"e9b6fbd\" data-element_type=\"container\" data-e-type=\"container\">\n\t\t\t\t<div class=\"elementor-element elementor-element-cf4e8e5 elementor-widget elementor-widget-text-editor\" data-id=\"cf4e8e5\" data-element_type=\"widget\" data-e-type=\"widget\" data-widget_type=\"text-editor.default\">\n\t\t\t\t\t\t\t\t\t<p>Each tile is sun-dried, ground and shaped without additives, preserving the natural integrity of the material and staying true to nature at every step.<\/p>\t\t\t\t\t\t\t\t<\/div>\n\t\t\t\t<\/div>\n\t\t\t\t<\/div>\n\t\t\t\t<\/div>\n\t\t<div data-particle_enable=\"false\" data-particle-mobile-disabled=\"false\" class=\"elementor-element elementor-element-29292a1 e-con-full animated-slow e-flex elementor-invisible e-con e-child\" data-id=\"29292a1\" data-element_type=\"container\" data-e-type=\"container\" data-settings=\"{&quot;background_background&quot;:&quot;classic&quot;,&quot;animation&quot;:&quot;fadeIn&quot;}\">\n\t\t\t\t<\/div>\n\t\t\t\t<\/div>\n\t\t\t\t<\/div>","protected":false},"excerpt":{"rendered":"<p>Panneaux en Li\u00e8ge Surfaces naturelles acoustiques et d\u00e9coratives Sublimez vos int\u00e9rieurs avec des murs sculpturaux en li\u00e8ge qui m\u00ealent rythme architectural, texture naturelle et confort acoustique certifi\u00e9, le tout dans un format durable et personnalisable. Parenthese Sillon Brickx Morse \u00c0 la crois\u00e9e de l\u2019architecture et de la durabilit\u00e9 La collection Cork Tiles a \u00e9t\u00e9 cr\u00e9\u00e9e [&hellip;]<\/p>\n","protected":false},"author":1,"featured_media":0,"parent":0,"menu_order":0,"comment_status":"closed","ping_status":"closed","template":"elementor_header_footer","meta":{"_seopress_robots_primary_cat":"","_seopress_titles_title":"Murs en li\u00e8ge acoustiques sur mesure \u2014 Belgique","_seopress_titles_desc":"Panneaux de li\u00e8ge acoustiques sur mesure en Belgique. Design \u00e9l\u00e9gant, motifs personnalis\u00e9s et mat\u00e9riaux durables pour vos projets.","_seopress_robots_index":"","footnotes":""},"class_list":["post-1509","page","type-page","status-publish","hentry"],"_links":{"self":[{"href":"https:\/\/greenmood.be\/en\/wp-json\/wp\/v2\/pages\/1509","targetHints":{"allow":["GET"]}}],"collection":[{"href":"https:\/\/greenmood.be\/en\/wp-json\/wp\/v2\/pages"}],"about":[{"href":"https:\/\/greenmood.be\/en\/wp-json\/wp\/v2\/types\/page"}],"author":[{"embeddable":true,"href":"https:\/\/greenmood.be\/en\/wp-json\/wp\/v2\/users\/1"}],"replies":[{"embeddable":true,"href":"https:\/\/greenmood.be\/en\/wp-json\/wp\/v2\/comments?post=1509"}],"version-history":[{"count":0,"href":"https:\/\/greenmood.be\/en\/wp-json\/wp\/v2\/pages\/1509\/revisions"}],"wp:attachment":[{"href":"https:\/\/greenmood.be\/en\/wp-json\/wp\/v2\/media?parent=1509"}],"curies":[{"name":"wp","href":"https:\/\/api.w.org\/{rel}","templated":true}]}}