{"id":2572,"date":"2025-07-22T13:02:59","date_gmt":"2025-07-22T13:02:59","guid":{"rendered":"https:\/\/greenmood.us\/be\/?page_id=2572"},"modified":"2025-10-27T11:44:53","modified_gmt":"2025-10-27T11:44:53","slug":"designers","status":"publish","type":"page","link":"https:\/\/greenmood.be\/en\/designers\/","title":{"rendered":"Designers"},"content":{"rendered":"<div data-elementor-type=\"wp-page\" data-elementor-id=\"2572\" class=\"elementor elementor-2572\" data-elementor-post-type=\"page\">\n\t\t\t\t<div data-particle_enable=\"false\" data-particle-mobile-disabled=\"false\" class=\"elementor-element elementor-element-9032a39 e-con-full e-flex e-con e-parent\" data-id=\"9032a39\" data-element_type=\"container\" data-e-type=\"container\">\n\t\t<div data-particle_enable=\"false\" data-particle-mobile-disabled=\"false\" class=\"elementor-element elementor-element-a6b3da3 e-flex e-con-boxed e-con e-child\" data-id=\"a6b3da3\" data-element_type=\"container\" data-e-type=\"container\" data-settings=\"{&quot;background_background&quot;:&quot;classic&quot;}\">\n\t\t\t\t\t<div class=\"e-con-inner\">\n\t\t\t\t<div class=\"elementor-element elementor-element-66b67b1 elementor-widget elementor-widget-html\" data-id=\"66b67b1\" data-element_type=\"widget\" data-e-type=\"widget\" data-widget_type=\"html.default\">\n\t\t\t\t\t<div class=\"scrolling-text\">\r\n  <span>Designers&nbsp;&nbsp;&nbsp;&nbsp;Designers&nbsp;&nbsp;&nbsp;&nbsp;<\/span>\r\n<\/div>\r\n\r\n<style>\r\n@font-face {\r\n  font-family: 'Spezia';\r\n  src: url('https:\/\/yourdomain.com\/path-to-spezia.woff2') format('woff2');\r\n  font-weight: normal;\r\n  font-style: normal;\r\n}\r\n\r\n.scrolling-text {\r\n  position: absolute;\r\n  top: 0; \/* \u2705 bien en haut *\/\r\n  left: 0;\r\n  width: 100%;\r\n  overflow: visible; \/* \u2705 pour \u00e9viter de couper le bas des lettres *\/\r\n  white-space: nowrap;\r\n  z-index: 1;\r\n  pointer-events: none;\r\n  line-height: 1.1;\r\n}\r\n\r\n.scrolling-text span {\r\n  display: inline-block;\r\n  animation: scroll-left 30s linear infinite;\r\n  font-family: 'Spezia', serif;\r\n  font-size: 16vw;\r\n  color: rgba(0, 0, 0, 0.18);\r\n  line-height: 1.2;\r\n  padding-bottom: 0.3em;\r\n}\r\n\r\n@keyframes scroll-left {\r\n  0% {\r\n    transform: translateX(0%);\r\n  }\r\n  100% {\r\n    transform: translateX(-100%);\r\n  }\r\n}\r\n<\/style>\r\n\t\t\t\t<\/div>\n\t\t\t\t<div class=\"elementor-element elementor-element-a9a04d8 elementor-invisible elementor-widget elementor-widget-heading\" data-id=\"a9a04d8\" data-element_type=\"widget\" data-e-type=\"widget\" data-settings=\"{&quot;_animation&quot;:&quot;fadeInUp&quot;}\" data-widget_type=\"heading.default\">\n\t\t\t\t\t<h2 class=\"elementor-heading-title elementor-size-default\">Alain Gilles<\/h2>\t\t\t\t<\/div>\n\t\t<div data-particle_enable=\"false\" data-particle-mobile-disabled=\"false\" class=\"elementor-element elementor-element-9c52e8c e-con-full e-flex e-con e-child\" data-id=\"9c52e8c\" data-element_type=\"container\" data-e-type=\"container\">\n\t\t\t\t<div class=\"elementor-element elementor-element-4a55f91 elementor-invisible elementor-widget elementor-widget-html\" data-id=\"4a55f91\" data-element_type=\"widget\" data-e-type=\"widget\" data-settings=\"{&quot;_animation&quot;:&quot;fadeInUp&quot;}\" data-widget_type=\"html.default\">\n\t\t\t\t\t<div style=\"width:1.5px; height:80px; background-color:#333333; margin: auto;\"><\/div>\r\n\t\t\t\t<\/div>\n\t\t\t\t<\/div>\n\t\t<div data-particle_enable=\"false\" data-particle-mobile-disabled=\"false\" class=\"elementor-element elementor-element-182a77c e-con-full e-flex e-con e-child\" data-id=\"182a77c\" data-element_type=\"container\" data-e-type=\"container\">\n\t\t\t\t<div class=\"elementor-element elementor-element-37f3502 elementor-invisible elementor-widget elementor-widget-text-editor\" data-id=\"37f3502\" data-element_type=\"widget\" data-e-type=\"widget\" data-settings=\"{&quot;_animation&quot;:&quot;fadeInUp&quot;}\" data-widget_type=\"text-editor.default\">\n\t\t\t\t\t\t\t\t\t<p>After studying Political Sciences and Marketing Management, Alain Gilles went on to work in the international financial world for 5 years.<\/p>\t\t\t\t\t\t\t\t<\/div>\n\t\t\t\t<\/div>\n\t\t<div data-particle_enable=\"false\" data-particle-mobile-disabled=\"false\" class=\"elementor-element elementor-element-45f8bdb e-con-full e-flex elementor-invisible e-con e-child\" data-id=\"45f8bdb\" data-element_type=\"container\" data-e-type=\"container\" data-settings=\"{&quot;animation&quot;:&quot;fadeInUp&quot;}\">\n\t\t<div data-particle_enable=\"false\" data-particle-mobile-disabled=\"false\" class=\"elementor-element elementor-element-ca7f572 e-con-full e-flex e-con e-child\" data-id=\"ca7f572\" data-element_type=\"container\" data-e-type=\"container\">\n\t\t\t\t<div class=\"elementor-element elementor-element-d4b4701 elementor-widget elementor-widget-text-editor\" data-id=\"d4b4701\" data-element_type=\"widget\" data-e-type=\"widget\" data-widget_type=\"text-editor.default\">\n\t\t\t\t\t\t\t\t\t<p>After studying Political Science and Marketing Management, Alain Gilles spent five years in the international financial sector before deciding to pursue his true passion: design. In 2007 he founded his own studio in Brussels, where he creates furniture, objects and interior concepts that combine function with narrative, rigor with expressiveness. His work has since been recognized internationally for its originality and conceptual depth.<\/p>\t\t\t\t\t\t\t\t<\/div>\n\t\t\t\t<\/div>\n\t\t<div data-particle_enable=\"false\" data-particle-mobile-disabled=\"false\" class=\"elementor-element elementor-element-70730f7 e-con-full e-flex e-con e-child\" data-id=\"70730f7\" data-element_type=\"container\" data-e-type=\"container\">\n\t\t\t\t<div class=\"elementor-element elementor-element-6b3dd22 elementor-widget elementor-widget-text-editor\" data-id=\"6b3dd22\" data-element_type=\"widget\" data-e-type=\"widget\" data-widget_type=\"text-editor.default\">\n\t\t\t\t\t\t\t\t\t<p>For Greenmood, Gilles designed the <strong>Cork Tiles collection<\/strong> (Parenthese, Sillon, Brickx and Morse), reflecting his interest in natural and sustainable materials. These pieces translate his talent for rhythm, contrast and perspective into modular surfaces that are both graphic and biophilic.<\/p>\t\t\t\t\t\t\t\t<\/div>\n\t\t\t\t<\/div>\n\t\t\t\t<\/div>\n\t\t<div data-particle_enable=\"false\" data-particle-mobile-disabled=\"false\" class=\"elementor-element elementor-element-836d852 e-con-full e-flex elementor-invisible e-con e-child\" data-id=\"836d852\" data-element_type=\"container\" data-e-type=\"container\" data-settings=\"{&quot;animation&quot;:&quot;fadeInUp&quot;}\">\n\t\t\t\t<div class=\"elementor-element elementor-element-0384223 elementor-widget elementor-widget-text-editor\" data-id=\"0384223\" data-element_type=\"widget\" data-e-type=\"widget\" data-widget_type=\"text-editor.default\">\n\t\t\t\t\t\t\t\t\t<p>In 2012, he was named <strong>\u201cDesigner of the Year\u201d<\/strong> at the prestigious Interieur Kortrijk Fair, confirming his position as a leading figure on the global design scene.<\/p>\t\t\t\t\t\t\t\t<\/div>\n\t\t\t\t<\/div>\n\t\t\t\t\t<\/div>\n\t\t\t\t<\/div>\n\t\t<div data-particle_enable=\"false\" data-particle-mobile-disabled=\"false\" class=\"elementor-element elementor-element-76ee4fa e-con-full animated-slow e-flex elementor-invisible e-con e-child\" data-id=\"76ee4fa\" data-element_type=\"container\" data-e-type=\"container\" data-settings=\"{&quot;background_background&quot;:&quot;classic&quot;,&quot;animation&quot;:&quot;fadeIn&quot;}\">\n\t\t\t\t<\/div>\n\t\t\t\t<\/div>\n\t\t<div data-particle_enable=\"false\" data-particle-mobile-disabled=\"false\" class=\"elementor-element elementor-element-a933e72 e-con-full e-flex e-con e-parent\" data-id=\"a933e72\" data-element_type=\"container\" data-e-type=\"container\">\n\t\t<div data-particle_enable=\"false\" data-particle-mobile-disabled=\"false\" class=\"elementor-element elementor-element-3232233 e-con-full e-flex e-con e-child\" data-id=\"3232233\" data-element_type=\"container\" data-e-type=\"container\" data-settings=\"{&quot;background_background&quot;:&quot;classic&quot;}\">\n\t\t\t\t<div class=\"elementor-element elementor-element-df07942 elementor-invisible elementor-widget elementor-widget-heading\" data-id=\"df07942\" data-element_type=\"widget\" data-e-type=\"widget\" data-settings=\"{&quot;_animation&quot;:&quot;fadeInUp&quot;}\" data-widget_type=\"heading.default\">\n\t\t\t\t\t<h2 class=\"elementor-heading-title elementor-size-default\">ADDI<\/h2>\t\t\t\t<\/div>\n\t\t<div data-particle_enable=\"false\" data-particle-mobile-disabled=\"false\" class=\"elementor-element elementor-element-059ab24 e-con-full e-flex e-con e-child\" data-id=\"059ab24\" data-element_type=\"container\" data-e-type=\"container\">\n\t\t\t\t<div class=\"elementor-element elementor-element-8a1d72a elementor-invisible elementor-widget elementor-widget-html\" data-id=\"8a1d72a\" data-element_type=\"widget\" data-e-type=\"widget\" data-settings=\"{&quot;_animation&quot;:&quot;fadeInUp&quot;}\" data-widget_type=\"html.default\">\n\t\t\t\t\t<div style=\"width:1.5px; height:80px; background-color:#333333; margin: auto;\"><\/div>\r\n\t\t\t\t<\/div>\n\t\t\t\t<\/div>\n\t\t<div data-particle_enable=\"false\" data-particle-mobile-disabled=\"false\" class=\"elementor-element elementor-element-c691fc9 e-con-full e-flex elementor-invisible e-con e-child\" data-id=\"c691fc9\" data-element_type=\"container\" data-e-type=\"container\" data-settings=\"{&quot;animation&quot;:&quot;fadeInUp&quot;}\">\n\t\t<div data-particle_enable=\"false\" data-particle-mobile-disabled=\"false\" class=\"elementor-element elementor-element-31aa44f e-con-full e-flex e-con e-child\" data-id=\"31aa44f\" data-element_type=\"container\" data-e-type=\"container\">\n\t\t\t\t<div class=\"elementor-element elementor-element-eb52e23 elementor-widget elementor-widget-text-editor\" data-id=\"eb52e23\" data-element_type=\"widget\" data-e-type=\"widget\" data-widget_type=\"text-editor.default\">\n\t\t\t\t\t\t\t\t\t<p>ADDI is a Swedish design studio with a playful mindset and a serious toolbox. With a strong focus on user-centered design and concept-driven development, they create furniture, lighting and objects that make sense, both functionally and emotionally. Known for their curiosity and hands-on approach, ADDI works across scales and categories, collaborating with international clients in Europe and Asia<\/p>\t\t\t\t\t\t\t\t<\/div>\n\t\t\t\t<\/div>\n\t\t<div data-particle_enable=\"false\" data-particle-mobile-disabled=\"false\" class=\"elementor-element elementor-element-016a3bb e-con-full e-flex e-con e-child\" data-id=\"016a3bb\" data-element_type=\"container\" data-e-type=\"container\">\n\t\t\t\t<div class=\"elementor-element elementor-element-9ec25ee elementor-widget elementor-widget-text-editor\" data-id=\"9ec25ee\" data-element_type=\"widget\" data-e-type=\"widget\" data-widget_type=\"text-editor.default\">\n\t\t\t\t\t\t\t\t\t<p>Their design process is both thoughtful and bold, blending strategy with experimentation to arrive at unexpected yet highly usable results. Over the years, their work has been recognized with multiple design awards, a reflection of their consistent commitment to quality, relevance and originality. Whether shaping everyday objects or rethinking entire product lines, ADDI brings a fresh perspective, and a knack for making the complex feel effortless.<\/p>\t\t\t\t\t\t\t\t<\/div>\n\t\t\t\t<\/div>\n\t\t\t\t<\/div>\n\t\t<div data-particle_enable=\"false\" data-particle-mobile-disabled=\"false\" class=\"elementor-element elementor-element-4f2e829 e-con-full e-flex elementor-invisible e-con e-child\" data-id=\"4f2e829\" data-element_type=\"container\" data-e-type=\"container\" data-settings=\"{&quot;animation&quot;:&quot;fadeInUp&quot;}\">\n\t\t\t\t<div class=\"elementor-element elementor-element-9321fa9 elementor-widget elementor-widget-text-editor\" data-id=\"9321fa9\" data-element_type=\"widget\" data-e-type=\"widget\" data-widget_type=\"text-editor.default\">\n\t\t\t\t\t\t\t\t\t<p>Whether shaping everyday objects or rethinking entire product lines, ADDI brings a fresh perspective and a unique ability to make the essential feel effortless.<\/p>\t\t\t\t\t\t\t\t<\/div>\n\t\t\t\t<\/div>\n\t\t\t\t<\/div>\n\t\t<div data-particle_enable=\"false\" data-particle-mobile-disabled=\"false\" class=\"elementor-element elementor-element-adb7c86 e-con-full animated-slow e-flex elementor-invisible e-con e-child\" data-id=\"adb7c86\" data-element_type=\"container\" data-e-type=\"container\" data-settings=\"{&quot;background_background&quot;:&quot;classic&quot;,&quot;animation&quot;:&quot;fadeIn&quot;}\">\n\t\t\t\t<\/div>\n\t\t\t\t<\/div>\n\t\t<div data-particle_enable=\"false\" data-particle-mobile-disabled=\"false\" class=\"elementor-element elementor-element-4519330 e-con-full e-flex e-con e-parent\" data-id=\"4519330\" data-element_type=\"container\" data-e-type=\"container\">\n\t\t<div data-particle_enable=\"false\" data-particle-mobile-disabled=\"false\" class=\"elementor-element elementor-element-e065ee7 e-con-full e-flex e-con e-child\" data-id=\"e065ee7\" data-element_type=\"container\" data-e-type=\"container\" data-settings=\"{&quot;background_background&quot;:&quot;classic&quot;}\">\n\t\t\t\t<div class=\"elementor-element elementor-element-08bd47d elementor-invisible elementor-widget elementor-widget-heading\" data-id=\"08bd47d\" data-element_type=\"widget\" data-e-type=\"widget\" data-settings=\"{&quot;_animation&quot;:&quot;fadeInUp&quot;}\" data-widget_type=\"heading.default\">\n\t\t\t\t\t<h2 class=\"elementor-heading-title elementor-size-default\">Lieven Musschoot &amp; Cas Moor<\/h2>\t\t\t\t<\/div>\n\t\t<div data-particle_enable=\"false\" data-particle-mobile-disabled=\"false\" class=\"elementor-element elementor-element-ea15df2 e-con-full e-flex e-con e-child\" data-id=\"ea15df2\" data-element_type=\"container\" data-e-type=\"container\">\n\t\t\t\t<div class=\"elementor-element elementor-element-40497d4 elementor-invisible elementor-widget elementor-widget-html\" data-id=\"40497d4\" data-element_type=\"widget\" data-e-type=\"widget\" data-settings=\"{&quot;_animation&quot;:&quot;fadeInUp&quot;}\" data-widget_type=\"html.default\">\n\t\t\t\t\t<div style=\"width:1.5px; height:80px; background-color:#333333; margin: auto;\"><\/div>\r\n\t\t\t\t<\/div>\n\t\t\t\t<\/div>\n\t\t<div data-particle_enable=\"false\" data-particle-mobile-disabled=\"false\" class=\"elementor-element elementor-element-b1e2b83 e-con-full e-flex elementor-invisible e-con e-child\" data-id=\"b1e2b83\" data-element_type=\"container\" data-e-type=\"container\" data-settings=\"{&quot;animation&quot;:&quot;fadeInUp&quot;}\">\n\t\t<div data-particle_enable=\"false\" data-particle-mobile-disabled=\"false\" class=\"elementor-element elementor-element-0f1493f e-con-full e-flex elementor-invisible e-con e-child\" data-id=\"0f1493f\" data-element_type=\"container\" data-e-type=\"container\" data-settings=\"{&quot;animation&quot;:&quot;fadeInUp&quot;}\">\n\t\t\t\t<div class=\"elementor-element elementor-element-0bd06b6 elementor-widget elementor-widget-text-editor\" data-id=\"0bd06b6\" data-element_type=\"widget\" data-e-type=\"widget\" data-widget_type=\"text-editor.default\">\n\t\t\t\t\t\t\t\t\t<p style=\"text-align: center;\">Le duo belge Lieven Musschoot et Cas Moor a lanc\u00e9 Moony avec Greenmood en 2021.<\/p>\t\t\t\t\t\t\t\t<\/div>\n\t\t\t\t<\/div>\n\t\t\t\t<\/div>\n\t\t<div data-particle_enable=\"false\" data-particle-mobile-disabled=\"false\" class=\"elementor-element elementor-element-8bf2f9e e-con-full e-flex elementor-invisible e-con e-child\" data-id=\"8bf2f9e\" data-element_type=\"container\" data-e-type=\"container\" data-settings=\"{&quot;animation&quot;:&quot;fadeInUp&quot;}\">\n\t\t<div data-particle_enable=\"false\" data-particle-mobile-disabled=\"false\" class=\"elementor-element elementor-element-5e330cf e-con-full e-flex elementor-invisible e-con e-child\" data-id=\"5e330cf\" data-element_type=\"container\" data-e-type=\"container\" data-settings=\"{&quot;animation&quot;:&quot;fadeInUp&quot;}\">\n\t\t<div data-particle_enable=\"false\" data-particle-mobile-disabled=\"false\" class=\"elementor-element elementor-element-400e559 e-con-full e-flex e-con e-child\" data-id=\"400e559\" data-element_type=\"container\" data-e-type=\"container\">\n\t\t\t\t<div class=\"elementor-element elementor-element-60573af elementor-widget elementor-widget-text-editor\" data-id=\"60573af\" data-element_type=\"widget\" data-e-type=\"widget\" data-widget_type=\"text-editor.default\">\n\t\t\t\t\t\t\t\t\t<p>Lieven graduated in Interior Architecture from the St. Lucas Hogeschool in Ghent. In 2009, he opened his own design studio for Product Design and Interior Development. Lieven got his first big break designing for the restaurant sector, thanks to his ability in creating the right atmosphere, whilst ensuring the utmost functionality.<\/p>\t\t\t\t\t\t\t\t<\/div>\n\t\t\t\t<\/div>\n\t\t<div data-particle_enable=\"false\" data-particle-mobile-disabled=\"false\" class=\"elementor-element elementor-element-2d2a381 e-con-full e-flex e-con e-child\" data-id=\"2d2a381\" data-element_type=\"container\" data-e-type=\"container\">\n\t\t\t\t<div class=\"elementor-element elementor-element-77be1c7 elementor-widget elementor-widget-text-editor\" data-id=\"77be1c7\" data-element_type=\"widget\" data-e-type=\"widget\" data-widget_type=\"text-editor.default\">\n\t\t\t\t\t\t\t\t\t<p>Cas graduated with a Bachelor\u2019s in Interior Architecture and Master\u2019s in Autonomous Design in 2015. Before completing his studies, Cas already worked as an independent designer for various companies thanks to his personal approach to design.<\/p>\t\t\t\t\t\t\t\t<\/div>\n\t\t\t\t<\/div>\n\t\t\t\t<\/div>\n\t\t\t\t<div class=\"elementor-element elementor-element-e8ea2e5 elementor-widget elementor-widget-text-editor\" data-id=\"e8ea2e5\" data-element_type=\"widget\" data-e-type=\"widget\" data-widget_type=\"text-editor.default\">\n\t\t\t\t\t\t\t\t\t<p>Of his creation process, Cas says: \u201cRather than designing a product for specific functions or requirements, the product arises from the material, technique or from experimentation, resulting in \u2018honest\u2019 products where material and craftsmanship not only serve the form but also tell a story.\u201d<\/p>\t\t\t\t\t\t\t\t<\/div>\n\t\t\t\t<\/div>\n\t\t\t\t<\/div>\n\t\t<div data-particle_enable=\"false\" data-particle-mobile-disabled=\"false\" class=\"elementor-element elementor-element-29292a1 e-con-full animated-slow e-flex elementor-invisible e-con e-child\" data-id=\"29292a1\" data-element_type=\"container\" data-e-type=\"container\" data-settings=\"{&quot;background_background&quot;:&quot;classic&quot;,&quot;animation&quot;:&quot;fadeIn&quot;}\">\n\t\t\t\t<\/div>\n\t\t\t\t<\/div>\n\t\t<div data-particle_enable=\"false\" data-particle-mobile-disabled=\"false\" class=\"elementor-element elementor-element-c6703da e-con-full e-flex e-con e-parent\" data-id=\"c6703da\" data-element_type=\"container\" data-e-type=\"container\">\n\t\t<div data-particle_enable=\"false\" data-particle-mobile-disabled=\"false\" class=\"elementor-element elementor-element-ca0092d e-con-full e-flex e-con e-child\" data-id=\"ca0092d\" data-element_type=\"container\" data-e-type=\"container\" data-settings=\"{&quot;background_background&quot;:&quot;classic&quot;}\">\n\t\t\t\t<div class=\"elementor-element elementor-element-b40e877 elementor-invisible elementor-widget elementor-widget-heading\" data-id=\"b40e877\" data-element_type=\"widget\" data-e-type=\"widget\" data-settings=\"{&quot;_animation&quot;:&quot;fadeInUp&quot;}\" data-widget_type=\"heading.default\">\n\t\t\t\t\t<h2 class=\"elementor-heading-title elementor-size-default\">STUDIO NOVE.3<\/h2>\t\t\t\t<\/div>\n\t\t<div data-particle_enable=\"false\" data-particle-mobile-disabled=\"false\" class=\"elementor-element elementor-element-39fd408 e-con-full e-flex e-con e-child\" data-id=\"39fd408\" data-element_type=\"container\" data-e-type=\"container\">\n\t\t\t\t<div class=\"elementor-element elementor-element-1152ef3 elementor-invisible elementor-widget elementor-widget-html\" data-id=\"1152ef3\" data-element_type=\"widget\" data-e-type=\"widget\" data-settings=\"{&quot;_animation&quot;:&quot;fadeInUp&quot;}\" data-widget_type=\"html.default\">\n\t\t\t\t\t<div style=\"width:1.5px; height:80px; background-color:#333333; margin: auto;\"><\/div>\r\n\t\t\t\t<\/div>\n\t\t\t\t<\/div>\n\t\t<div data-particle_enable=\"false\" data-particle-mobile-disabled=\"false\" class=\"elementor-element elementor-element-d10c0fc e-con-full e-flex elementor-invisible e-con e-child\" data-id=\"d10c0fc\" data-element_type=\"container\" data-e-type=\"container\" data-settings=\"{&quot;animation&quot;:&quot;fadeInUp&quot;}\">\n\t\t<div data-particle_enable=\"false\" data-particle-mobile-disabled=\"false\" class=\"elementor-element elementor-element-60cefc2 e-con-full e-flex e-con e-child\" data-id=\"60cefc2\" data-element_type=\"container\" data-e-type=\"container\">\n\t\t\t\t<div class=\"elementor-element elementor-element-0141b56 elementor-widget elementor-widget-text-editor\" data-id=\"0141b56\" data-element_type=\"widget\" data-e-type=\"widget\" data-widget_type=\"text-editor.default\">\n\t\t\t\t\t\t\t\t\t<p>Italian designers Luca Giacomelli and Lorenzo Rossotti, of Studio Nove.3, graduated in Product Design at the European Institute of Design (IED) in Milan in 2015. Since then, both have been collaborating with local design studios, as well as working in the packaging sector.<\/p>\t\t\t\t\t\t\t\t<\/div>\n\t\t\t\t<\/div>\n\t\t<div data-particle_enable=\"false\" data-particle-mobile-disabled=\"false\" class=\"elementor-element elementor-element-eb853b1 e-con-full e-flex e-con e-child\" data-id=\"eb853b1\" data-element_type=\"container\" data-e-type=\"container\">\n\t\t\t\t<div class=\"elementor-element elementor-element-0a3ecbc elementor-widget elementor-widget-text-editor\" data-id=\"0a3ecbc\" data-element_type=\"widget\" data-e-type=\"widget\" data-widget_type=\"text-editor.default\">\n\t\t\t\t\t\t\t\t\t<p>In 2018, the duo founded Product Design and Design Consulting firm Studio Nove.3, in Milan. They have participated in various contests and received international awards from important companies in the furniture sector.<br data-start=\"3161\" data-end=\"3164\" \/>In 2021, Studio Nove.3 launched Belt with Greenmood.<\/p>\t\t\t\t\t\t\t\t<\/div>\n\t\t\t\t<\/div>\n\t\t\t\t<\/div>\n\t\t<div data-particle_enable=\"false\" data-particle-mobile-disabled=\"false\" class=\"elementor-element elementor-element-3669e9a e-con-full e-flex elementor-invisible e-con e-child\" data-id=\"3669e9a\" data-element_type=\"container\" data-e-type=\"container\" data-settings=\"{&quot;animation&quot;:&quot;fadeInUp&quot;}\">\n\t\t\t\t<div class=\"elementor-element elementor-element-2ca24a2 elementor-widget elementor-widget-text-editor\" data-id=\"2ca24a2\" data-element_type=\"widget\" data-e-type=\"widget\" data-widget_type=\"text-editor.default\">\n\t\t\t\t\t\t\t\t\t<p>\u201cWe are always searching for collaborations with international companies, since our mission is to continue exporting Italian creativity all around the world.\u201d<\/p>\t\t\t\t\t\t\t\t<\/div>\n\t\t\t\t<\/div>\n\t\t\t\t<\/div>\n\t\t<div data-particle_enable=\"false\" data-particle-mobile-disabled=\"false\" class=\"elementor-element elementor-element-38ec804 e-con-full animated-slow e-flex elementor-invisible e-con e-child\" data-id=\"38ec804\" data-element_type=\"container\" data-e-type=\"container\" data-settings=\"{&quot;background_background&quot;:&quot;classic&quot;,&quot;animation&quot;:&quot;fadeIn&quot;}\">\n\t\t\t\t<\/div>\n\t\t\t\t<\/div>\n\t\t<div data-particle_enable=\"false\" data-particle-mobile-disabled=\"false\" class=\"elementor-element elementor-element-6a71dde e-con-full animated-slow e-flex elementor-invisible e-con e-parent\" data-id=\"6a71dde\" data-element_type=\"container\" data-e-type=\"container\" data-settings=\"{&quot;background_background&quot;:&quot;classic&quot;,&quot;animation&quot;:&quot;fadeIn&quot;}\">\n\t\t<div data-particle_enable=\"false\" data-particle-mobile-disabled=\"false\" class=\"elementor-element elementor-element-9f726ea e-flex e-con-boxed e-con e-child\" data-id=\"9f726ea\" data-element_type=\"container\" data-e-type=\"container\">\n\t\t\t\t\t<div class=\"e-con-inner\">\n\t\t\t\t<div class=\"elementor-element elementor-element-70c3c29 elementor-tablet-align-center elementor-widget elementor-widget-button\" data-id=\"70c3c29\" data-element_type=\"widget\" data-e-type=\"widget\" data-widget_type=\"button.default\">\n\t\t\t\t\t\t\t\t\t\t<a class=\"elementor-button elementor-button-link elementor-size-sm\" href=\"https:\/\/greenmood.be\/en\/solutions\/\">\n\t\t\t\t\t\t<span class=\"elementor-button-content-wrapper\">\n\t\t\t\t\t\t\t\t\t<span class=\"elementor-button-text\">Discover our Solutions<\/span>\n\t\t\t\t\t<\/span>\n\t\t\t\t\t<\/a>\n\t\t\t\t\t\t\t\t<\/div>\n\t\t\t\t<div class=\"elementor-element elementor-element-f1637a3 elementor-tablet-align-center elementor-widget elementor-widget-button\" data-id=\"f1637a3\" data-element_type=\"widget\" data-e-type=\"widget\" data-widget_type=\"button.default\">\n\t\t\t\t\t\t\t\t\t\t<a class=\"elementor-button elementor-button-link elementor-size-sm\" href=\"https:\/\/greenmood.be\/en\/design_collection\/\">\n\t\t\t\t\t\t<span class=\"elementor-button-content-wrapper\">\n\t\t\t\t\t\t\t\t\t<span class=\"elementor-button-text\">Explore Our Products<\/span>\n\t\t\t\t\t<\/span>\n\t\t\t\t\t<\/a>\n\t\t\t\t\t\t\t\t<\/div>\n\t\t\t\t\t<\/div>\n\t\t\t\t<\/div>\n\t\t\t\t<\/div>\n\t\t\t\t<\/div>","protected":false},"excerpt":{"rendered":"<p>Designers&nbsp;&nbsp;&nbsp;&nbsp;Designers&nbsp;&nbsp;&nbsp;&nbsp; Alain Gilles Apr\u00e8s des \u00e9tudes en sciences politiques et en marketing, Alain Gilles a travaill\u00e9 cinq ans dans la finance internationale. En 2007, il fonde son studio \u00e0 Bruxelles, o\u00f9 il cr\u00e9e du mobilier, des objets et des concepts d\u2019int\u00e9rieur qui marient fonction et r\u00e9cit, rigueur et expressivit\u00e9. Son travail est reconnu \u00e0 l\u2019international [&hellip;]<\/p>\n","protected":false},"author":1,"featured_media":0,"parent":0,"menu_order":0,"comment_status":"closed","ping_status":"closed","template":"elementor_header_footer","meta":{"_seopress_robots_primary_cat":"","_seopress_titles_title":"Designers \u2014 Greenmood","_seopress_titles_desc":"Les designers de Greenmood : collaborations, d\u00e9marches et pi\u00e8ces qui unissent acoustique, nature et esth\u00e9tique.","_seopress_robots_index":"","footnotes":""},"class_list":["post-2572","page","type-page","status-publish","hentry"],"_links":{"self":[{"href":"https:\/\/greenmood.be\/en\/wp-json\/wp\/v2\/pages\/2572","targetHints":{"allow":["GET"]}}],"collection":[{"href":"https:\/\/greenmood.be\/en\/wp-json\/wp\/v2\/pages"}],"about":[{"href":"https:\/\/greenmood.be\/en\/wp-json\/wp\/v2\/types\/page"}],"author":[{"embeddable":true,"href":"https:\/\/greenmood.be\/en\/wp-json\/wp\/v2\/users\/1"}],"replies":[{"embeddable":true,"href":"https:\/\/greenmood.be\/en\/wp-json\/wp\/v2\/comments?post=2572"}],"version-history":[{"count":0,"href":"https:\/\/greenmood.be\/en\/wp-json\/wp\/v2\/pages\/2572\/revisions"}],"wp:attachment":[{"href":"https:\/\/greenmood.be\/en\/wp-json\/wp\/v2\/media?parent=2572"}],"curies":[{"name":"wp","href":"https:\/\/api.w.org\/{rel}","templated":true}]}}