{"id":3,"date":"2025-05-27T09:10:26","date_gmt":"2025-05-27T09:10:26","guid":{"rendered":"https:\/\/greenmood.us\/be\/?page_id=3"},"modified":"2025-10-21T07:19:59","modified_gmt":"2025-10-21T07:19:59","slug":"politique-confidentialite","status":"publish","type":"page","link":"https:\/\/greenmood.be\/en\/politique-confidentialite\/","title":{"rendered":"\ud83d\udee1\ufe0f Privacy Policy"},"content":{"rendered":"<div data-elementor-type=\"wp-page\" data-elementor-id=\"3\" class=\"elementor elementor-3\" data-elementor-post-type=\"page\">\n\t\t\t\t<div data-particle_enable=\"false\" data-particle-mobile-disabled=\"false\" class=\"elementor-element elementor-element-6bc6dd1f e-flex e-con-boxed e-con e-parent\" data-id=\"6bc6dd1f\" data-element_type=\"container\" data-e-type=\"container\">\n\t\t\t\t\t<div class=\"e-con-inner\">\n\t\t\t\t<div class=\"elementor-element elementor-element-2e0d4846 elementor-widget elementor-widget-text-editor\" data-id=\"2e0d4846\" data-element_type=\"widget\" data-e-type=\"widget\" data-widget_type=\"text-editor.default\">\n\t\t\t\t\t\t\t\t\t\n<p data-start=\"0\" data-end=\"36\">\ud83d\udee1\ufe0f <strong data-start=\"4\" data-end=\"36\">Privacy Policy<\/strong><\/p>\n<p data-start=\"38\" data-end=\"434\"><strong data-start=\"38\" data-end=\"57\">1. Introduction<\/strong><br data-start=\"57\" data-end=\"60\" \/>The Pack &amp; Co SPRL (\u201cGreenmood\u201d or \u201cwe\u201d), headquartered in Belgium, is dedicated to creating solutions for happy and healthy workspaces worldwide through biophilic design. This Privacy Policy explains how we process personal data in compliance with the General Data Protection Regulation (GDPR) and other applicable laws.<\/p>\n<p data-start=\"436\" data-end=\"699\"><strong data-start=\"436\" data-end=\"462\">2. Applicability<\/strong><br data-start=\"462\" data-end=\"465\" \/>This Privacy Policy applies to the processing of personal data by all European Greenmood companies concerning individuals within the European Union. The Greenmood group includes:<\/p>\n<ul data-start=\"700\" data-end=\"948\">\n<li data-start=\"700\" data-end=\"771\">\n<p data-start=\"702\" data-end=\"771\">Pack &amp; Co SPRL, Square de l\u2019Atomium 1\/102, 1020 Brussels, Belgium<\/p>\n<\/li>\n<li data-start=\"772\" data-end=\"842\">\n<p data-start=\"774\" data-end=\"842\">Greenmood Poland Sp. z o.o., Ogrodowa 3, 66-450 Bogdaniec, Poland<\/p>\n<\/li>\n<li data-start=\"843\" data-end=\"948\">\n<p data-start=\"845\" data-end=\"948\">Biophilic Design Corp, 1599 E. 15th St. 5th Floor Suite C, Brooklyn, NY 11230, New York City \u2013 NY 10016<\/p>\n<\/li>\n<\/ul>\n<p data-start=\"950\" data-end=\"1076\"><strong data-start=\"950\" data-end=\"980\">3. Purpose of Data Processing<\/strong><br data-start=\"980\" data-end=\"983\" \/>We process personal data for legitimate business reasons, including:<\/p>\n<ul data-start=\"1077\" data-end=\"1251\">\n<li data-start=\"1077\" data-end=\"1107\">\n<p data-start=\"1079\" data-end=\"1107\">Providing our services<\/p>\n<\/li>\n<li data-start=\"1108\" data-end=\"1143\">\n<p data-start=\"1110\" data-end=\"1143\">Customer communication<\/p>\n<\/li>\n<li data-start=\"1144\" data-end=\"1167\">\n<p data-start=\"1146\" data-end=\"1167\">Marketing activities<\/p>\n<\/li>\n<li data-start=\"1168\" data-end=\"1213\">\n<p data-start=\"1170\" data-end=\"1213\">Website and system maintenance<\/p>\n<\/li>\n<li data-start=\"1214\" data-end=\"1251\">\n<p data-start=\"1216\" data-end=\"1251\">Security and fraud prevention<\/p>\n<\/li>\n<\/ul>\n<p data-start=\"1253\" data-end=\"1407\"><strong data-start=\"1253\" data-end=\"1276\">4. Legal Grounds<\/strong><br data-start=\"1276\" data-end=\"1279\" \/>We process personal data based on contractual obligations, legitimate interests, or consent where required.<\/p>\n<p data-start=\"1409\" data-end=\"1458\"><strong data-start=\"1409\" data-end=\"1426\">5. Your Rights<\/strong><br data-start=\"1426\" data-end=\"1429\" \/>You have the right to:<\/p>\n<ul data-start=\"1459\" data-end=\"1714\">\n<li data-start=\"1459\" data-end=\"1497\">\n<p data-start=\"1461\" data-end=\"1497\">Access your personal data<\/p>\n<\/li>\n<li data-start=\"1498\" data-end=\"1549\">\n<p data-start=\"1500\" data-end=\"1549\">Request rectification or deletion<\/p>\n<\/li>\n<li data-start=\"1550\" data-end=\"1591\">\n<p data-start=\"1552\" data-end=\"1591\">Restrict or object to processing<\/p>\n<\/li>\n<li data-start=\"1592\" data-end=\"1634\">\n<p data-start=\"1594\" data-end=\"1634\">Request data portability<\/p>\n<\/li>\n<li data-start=\"1635\" data-end=\"1714\">\n<p data-start=\"1637\" data-end=\"1714\">Withdraw consent at any time (including for direct marketing)<\/p>\n<\/li>\n<\/ul>\n<p data-start=\"1716\" data-end=\"1984\"><strong data-start=\"1716\" data-end=\"1743\">6. Data Collection<\/strong><br data-start=\"1743\" data-end=\"1746\" \/>We collect data through websites, apps, and interactions. This may include identification details, contact information, electronic identifiers, interaction logs, and other relevant data.<\/p>\n<p data-start=\"1986\" data-end=\"2172\"><strong data-start=\"1986\" data-end=\"2013\">7. Data Security<\/strong><br data-start=\"2013\" data-end=\"2016\" \/>We apply robust technical and organizational measures to protect your data against unauthorized access, loss, or misuse.<\/p>\n<p data-start=\"2174\" data-end=\"2345\"><strong data-start=\"2174\" data-end=\"2205\">8. Data retention<\/strong><br data-start=\"2205\" data-end=\"2208\" \/>We retain data only for as long as necessary to fulfil our legal, contractual or commercial obligations.<\/p>\n<p data-start=\"2347\" data-end=\"2521\"><strong data-start=\"2347\" data-end=\"2373\">9. Data Sharing<\/strong><br data-start=\"2373\" data-end=\"2376\" \/>We may share personal data with affiliated companies, service providers, or authorities when required by law.<\/p>\n<p data-start=\"2523\" data-end=\"2678\"><strong data-start=\"2523\" data-end=\"2551\">10. Automated Decision-Making<\/strong><br data-start=\"2551\" data-end=\"2554\" \/>We do not engage in automated decision-making that produces legal or significant effects on individuals.<\/p>\n<p data-start=\"2680\" data-end=\"2791\"><strong data-start=\"2680\" data-end=\"2695\">11. Contact Us<\/strong><br data-start=\"2695\" data-end=\"2698\" \/>For privacy inquiries, please contact us at sales@greenmood.be. <strong data-start=\"2768\" data-end=\"2790\"><a class=\"decorated-link cursor-pointer\" rel=\"noopener\" data-start=\"2770\" data-end=\"2788\">sales@greenmood.be<\/a><\/strong>.<\/p>\n<p data-start=\"2793\" data-end=\"2941\"><strong data-start=\"2793\" data-end=\"2813\">12. Updates<\/strong><br data-start=\"2813\" data-end=\"2816\" \/>We may update this Privacy Policy from time to time. Any changes will be published on this page.<\/p>\n<p data-start=\"2943\" data-end=\"2980\" data-is-last-node=\"\" data-is-only-node=\"\"><strong data-start=\"2943\" data-end=\"2980\" data-is-last-node=\"\">Last updated: 04.09.2025<\/strong><\/p>\t\t\t\t\t\t\t\t<\/div>\n\t\t\t\t\t<\/div>\n\t\t\t\t<\/div>\n\t\t\t\t<\/div>","protected":false},"excerpt":{"rendered":"<p>\ud83d\udee1\ufe0f Politique de confidentialit\u00e9 1. IntroductionThe Pack &amp; Co SPRL (\u00ab Greenmood \u00bb ou \u00ab nous \u00bb), dont le si\u00e8ge est en Belgique, cr\u00e9e des solutions favorisant le bien-\u00eatre au travail \u00e0 travers le design biophilique. La pr\u00e9sente Politique de confidentialit\u00e9 explique comment nous traitons les donn\u00e9es \u00e0 caract\u00e8re personnel conform\u00e9ment au R\u00e8glement g\u00e9n\u00e9ral sur [&hellip;]<\/p>\n","protected":false},"author":1,"featured_media":0,"parent":0,"menu_order":0,"comment_status":"closed","ping_status":"closed","template":"","meta":{"_seopress_robots_primary_cat":"","_seopress_titles_title":"Politique de confidentialit\u00e9","_seopress_titles_desc":"Lisez la politique de confidentialit\u00e9 de Greenmood. D\u00e9couvrez comment nous prot\u00e9geons vos donn\u00e9es et garantissons une navigation s\u00e9curis\u00e9e.","_seopress_robots_index":"","footnotes":""},"class_list":["post-3","page","type-page","status-publish","hentry"],"_links":{"self":[{"href":"https:\/\/greenmood.be\/en\/wp-json\/wp\/v2\/pages\/3","targetHints":{"allow":["GET"]}}],"collection":[{"href":"https:\/\/greenmood.be\/en\/wp-json\/wp\/v2\/pages"}],"about":[{"href":"https:\/\/greenmood.be\/en\/wp-json\/wp\/v2\/types\/page"}],"author":[{"embeddable":true,"href":"https:\/\/greenmood.be\/en\/wp-json\/wp\/v2\/users\/1"}],"replies":[{"embeddable":true,"href":"https:\/\/greenmood.be\/en\/wp-json\/wp\/v2\/comments?post=3"}],"version-history":[{"count":0,"href":"https:\/\/greenmood.be\/en\/wp-json\/wp\/v2\/pages\/3\/revisions"}],"wp:attachment":[{"href":"https:\/\/greenmood.be\/en\/wp-json\/wp\/v2\/media?parent=3"}],"curies":[{"name":"wp","href":"https:\/\/api.w.org\/{rel}","templated":true}]}}