{"id":5884,"date":"2025-09-10T12:21:19","date_gmt":"2025-09-10T12:21:19","guid":{"rendered":"https:\/\/greenmood.us\/be\/?page_id=5884"},"modified":"2025-10-22T16:06:17","modified_gmt":"2025-10-22T16:06:17","slug":"conditions-generales","status":"publish","type":"page","link":"https:\/\/greenmood.be\/en\/conditions-generales\/","title":{"rendered":"General Terms and Conditions"},"content":{"rendered":"<div data-elementor-type=\"wp-page\" data-elementor-id=\"5884\" class=\"elementor elementor-5884\" data-elementor-post-type=\"page\">\n\t\t\t\t<div data-particle_enable=\"false\" data-particle-mobile-disabled=\"false\" class=\"elementor-element elementor-element-eb46c84 e-flex e-con-boxed e-con e-parent\" data-id=\"eb46c84\" data-element_type=\"container\" data-e-type=\"container\">\n\t\t\t\t\t<div class=\"e-con-inner\">\n\t\t\t\t<div class=\"elementor-element elementor-element-6946e40 elementor-widget elementor-widget-text-editor\" data-id=\"6946e40\" data-element_type=\"widget\" data-e-type=\"widget\" data-widget_type=\"text-editor.default\">\n\t\t\t\t\t\t\t\t\t<h2 data-start=\"24\" data-end=\"58\">Article 1 \u2013 Scope<\/h2><p data-start=\"59\" data-end=\"199\">These General Terms and Conditions of Sale (hereinafter, \"GTC\") apply to all orders placed by the Client with Greenmood.<\/p><p data-start=\"201\" data-end=\"614\">The choice of products and associated prices are set out in the Purchase Order. Unless expressly agreed otherwise in writing on the Purchase Order, these GTC exclude any other general and\/or specific terms and conditions of the Client. By signing the Purchase Order, the Client's representative confirms that they hold the necessary authorisations and powers to validly commit the legal entity they represent.<\/p><hr data-start=\"616\" data-end=\"619\" \/><h2 data-start=\"621\" data-end=\"656\">Article 2 \u2013 Formation of contract<\/h2><p data-start=\"657\" data-end=\"940\">The Client declares that they are legally capable of entering into a contract under the law of the country in which they are located and certifies the accuracy of their identity and contact details. Greenmood shall not be held liable for any error resulting from inaccurate information provided by the Client.<\/p><p data-start=\"942\" data-end=\"1227\">The order shall only be binding on Greenmood upon confirmation by e-mail. Any offer issued by Greenmood is valid for 15 days from the date of dispatch to the Client. After this period, Greenmood does not guarantee the initially quoted price as long as the price has not been paid in full.<\/p><hr data-start=\"1229\" data-end=\"1232\" \/><h2 data-start=\"1234\" data-end=\"1258\">Article 3 \u2013 Delivery<\/h2><p data-start=\"1259\" data-end=\"1761\">Greenmood undertakes to use its best efforts to meet the delivery deadlines stipulated in the contract. No delay in delivery shall give rise to any damages, compensation or penalties payable by Greenmood. Delivery times are given for information purposes only and without guarantee. This article applies to both the sale of Greenmood products and specific services (creation of a green wall, installation of a divider, custom logo installation, etc.).<\/p><hr data-start=\"1763\" data-end=\"1766\" \/><h2 data-start=\"1768\" data-end=\"1812\">Article 4 \u2013 Price \u2013 Invoicing \u2013 Payment<\/h2><p>Any failure to pay by the due date shall automatically and without prior formal notice give rise to late payment interest of 1% per month until the date of full payment, in addition to a flat-rate surcharge of 15% of the outstanding amounts as damages (minimum EUR 100).<\/p><p>If, for any reason whatsoever, Greenmood owes damages to the Client, these shall be limited to the repair of the damage actually suffered by the Client and shall not exceed 5% of the price of the goods.<\/p><hr data-start=\"2321\" data-end=\"2324\" \/><h2 data-start=\"2326\" data-end=\"2349\">Article 5 \u2013 Warranty<\/h2><h3 data-start=\"2351\" data-end=\"2408\">5.1 Provision applicable to professional clients<\/h3><p data-start=\"2409\" data-end=\"2602\">Except for hidden defects, any claim relating to the goods delivered must, under penalty of nullity, be sent to us by registered letter within eight days of receipt.<\/p><h3 data-start=\"2604\" data-end=\"2652\">5.2 Provision applicable to consumers<\/h3><p>The Client acknowledges having been properly informed of the quality, instructions for use and any specific properties of the goods purchased and, unless otherwise agreed in writing by the parties, acknowledges that these goods are not intended for use contrary to their intended purpose.<\/p><p>In the case of supply of new goods and except for hidden defects, any defect of conformity existing at the time of delivery and occurring within two years thereof must, under penalty of nullity, be notified to us by registered letter no later than two months from the day the Client discovered or should have discovered the defect.<\/p><p>In the case of supply of second-hand goods and except for hidden defects, any defect of conformity existing at the time of delivery and occurring within one year thereof must, under penalty of nullity, be notified to us by registered letter no later than two months from the day the Client discovered or should have discovered the defect.<\/p><p>A defect of conformity reported within the prescribed time and manner shall, at our discretion, give rise to the repair or replacement of the defective good. If repair or replacement is impossible or disproportionate, we shall offer an appropriate price reduction or replacement with a conforming item.<\/p><h3 data-start=\"4005\" data-end=\"4032\">5.3 Common provision<\/h3><p>Unless otherwise agreed, Greenmood does not provide climbing plant training, watering, pruning, weeding, maintenance or any other care and follow-up required after the sale or completion of works. Such maintenance is the Client's responsibility, the Client having been duly informed of the maintenance requirements specific to certain products.<\/p><p>The Client is informed that, due to their plant-based nature, the products may emit a particular vegetal odour. This odour does not in any way constitute a defect of the product, of which the Client is fully aware.<\/p><hr data-start=\"4609\" data-end=\"4612\" \/><h2 data-start=\"4614\" data-end=\"4658\">Article 6 \u2013 Personal data<\/h2><p>Each party undertakes to comply with the applicable legislation on personal data protection and in particular Directive 95\/46\/EC on the protection of individuals with regard to the processing of personal data and the free movement of such data, or any regulation that may replace it. The Client guarantees Greenmood that they are informed of the use made of said personal data. In this regard, the Client indemnifies Greenmood against any recourse, complaint or claim by any individual whose data may be reproduced or hosted via the Greenmood website.<\/p><p>Greenmood shall implement appropriate technical and organisational measures to ensure that processing operations comply with the requirements of Belgian data protection legislation, and to enable data subjects to exercise their rights.<\/p><p>Greenmood shall process personal data only on documented instructions from the data controller.<\/p><hr data-start=\"5666\" data-end=\"5669\" \/><h2 data-start=\"5671\" data-end=\"5693\">Article 7 \u2013 Disputes<\/h2><p data-start=\"5694\" data-end=\"6010\" data-is-last-node=\"\" data-is-only-node=\"\">Any order placed under these terms is governed by Belgian law, to the exclusion of all other law. In the event of any dispute relating to the interpretation, conclusion, performance or termination of the contract, or relating thereto, the French-speaking courts of Brussels (Belgium) shall have sole jurisdiction.<\/p>\t\t\t\t\t\t\t\t<\/div>\n\t\t\t\t\t<\/div>\n\t\t\t\t<\/div>\n\t\t\t\t<\/div>","protected":false},"excerpt":{"rendered":"<p>Article 1 \u2013 Champ d\u2019application Les pr\u00e9sentes conditions g\u00e9n\u00e9rales d\u2019utilisation (ci-apr\u00e8s, \u00ab CGU \u00bb) s\u2019appliquent \u00e0 toute commande pass\u00e9e par le Client aupr\u00e8s de Greenmood. Le choix des produits et les prix associ\u00e9s figurent sur le Bon de commande. Sauf d\u00e9rogation expresse, sign\u00e9e et mentionn\u00e9e sur le Bon de commande, les CGU excluent toutes autres [&hellip;]<\/p>\n","protected":false},"author":1,"featured_media":0,"parent":0,"menu_order":0,"comment_status":"closed","ping_status":"closed","template":"","meta":{"_seopress_robots_primary_cat":"","_seopress_titles_title":"Conditions g\u00e9n\u00e9rales \u2014 Greenmood","_seopress_titles_desc":"Conditions g\u00e9n\u00e9rales Greenmood : commandes, livraison, garanties, donn\u00e9es et juridiction. Lisez nos modalit\u00e9s contractuelles.","_seopress_robots_index":"","footnotes":""},"class_list":["post-5884","page","type-page","status-publish","hentry"],"_links":{"self":[{"href":"https:\/\/greenmood.be\/en\/wp-json\/wp\/v2\/pages\/5884","targetHints":{"allow":["GET"]}}],"collection":[{"href":"https:\/\/greenmood.be\/en\/wp-json\/wp\/v2\/pages"}],"about":[{"href":"https:\/\/greenmood.be\/en\/wp-json\/wp\/v2\/types\/page"}],"author":[{"embeddable":true,"href":"https:\/\/greenmood.be\/en\/wp-json\/wp\/v2\/users\/1"}],"replies":[{"embeddable":true,"href":"https:\/\/greenmood.be\/en\/wp-json\/wp\/v2\/comments?post=5884"}],"version-history":[{"count":0,"href":"https:\/\/greenmood.be\/en\/wp-json\/wp\/v2\/pages\/5884\/revisions"}],"wp:attachment":[{"href":"https:\/\/greenmood.be\/en\/wp-json\/wp\/v2\/media?parent=5884"}],"curies":[{"name":"wp","href":"https:\/\/api.w.org\/{rel}","templated":true}]}}