{"id":6894,"date":"2025-10-03T05:57:49","date_gmt":"2025-10-03T05:57:49","guid":{"rendered":"https:\/\/greenmood.us\/be\/?page_id=6894"},"modified":"2025-10-21T07:42:51","modified_gmt":"2025-10-21T07:42:51","slug":"archiproducts-award","status":"publish","type":"page","link":"https:\/\/greenmood.be\/en\/archiproducts-award\/","title":{"rendered":"Archiproducts-award"},"content":{"rendered":"<div data-elementor-type=\"wp-page\" data-elementor-id=\"6894\" class=\"elementor elementor-6894\" data-elementor-post-type=\"page\">\n\t\t\t\t<div data-particle_enable=\"false\" data-particle-mobile-disabled=\"false\" class=\"elementor-element elementor-element-9757825 e-flex e-con-boxed e-con e-parent\" data-id=\"9757825\" data-element_type=\"container\" data-e-type=\"container\">\n\t\t\t\t\t<div class=\"e-con-inner\">\n\t\t\t\t<div class=\"elementor-element elementor-element-056a2cd elementor-widget elementor-widget-image\" data-id=\"056a2cd\" data-element_type=\"widget\" data-e-type=\"widget\" data-widget_type=\"image.default\">\n\t\t\t\t\t\t\t\t\t\t\t\t\t\t\t<img fetchpriority=\"high\" decoding=\"async\" width=\"800\" height=\"534\" src=\"https:\/\/greenmood.be\/wp-content\/uploads\/sites\/6\/2025\/10\/archiproduct-01-1024x683.webp\" class=\"attachment-large size-large wp-image-6890\" alt=\"Winners at Archiproducts Design Awards event.\" srcset=\"https:\/\/greenmood.be\/wp-content\/uploads\/sites\/6\/2025\/10\/archiproduct-01-1024x683.webp 1024w, https:\/\/greenmood.be\/wp-content\/uploads\/sites\/6\/2025\/10\/archiproduct-01-300x200.webp 300w, https:\/\/greenmood.be\/wp-content\/uploads\/sites\/6\/2025\/10\/archiproduct-01-768x512.webp 768w, https:\/\/greenmood.be\/wp-content\/uploads\/sites\/6\/2025\/10\/archiproduct-01-18x12.webp 18w, https:\/\/greenmood.be\/wp-content\/uploads\/sites\/6\/2025\/10\/archiproduct-01.webp 1400w\" sizes=\"(max-width: 800px) 100vw, 800px\" \/>\t\t\t\t\t\t\t\t\t\t\t\t\t\t\t<\/div>\n\t\t\t\t\t<\/div>\n\t\t\t\t<\/div>\n\t\t<div data-particle_enable=\"false\" data-particle-mobile-disabled=\"false\" class=\"elementor-element elementor-element-6ef0dff e-flex e-con-boxed e-con e-parent\" data-id=\"6ef0dff\" data-element_type=\"container\" data-e-type=\"container\">\n\t\t\t\t\t<div class=\"e-con-inner\">\n\t\t\t\t<div class=\"elementor-element elementor-element-9080bad elementor-widget elementor-widget-heading\" data-id=\"9080bad\" data-element_type=\"widget\" data-e-type=\"widget\" data-widget_type=\"heading.default\">\n\t\t\t\t\t<h2 class=\"elementor-heading-title elementor-size-default\">Cruz Planter, winner of the Archiproducts Design Award 2023<\/h2>\t\t\t\t<\/div>\n\t\t\t\t<div class=\"elementor-element elementor-element-4b77236 elementor-widget elementor-widget-text-editor\" data-id=\"4b77236\" data-element_type=\"widget\" data-e-type=\"widget\" data-widget_type=\"text-editor.default\">\n\t\t\t\t\t\t\t\t\t<p>Pure geometry in the service of biophilic elegance. Winner of the Archiproducts Design Award 2023, Cruz Planter embodies Greenmood's vision: timeless design, natural materials and acoustic comfort perfectly united.<\/p>\t\t\t\t\t\t\t\t<\/div>\n\t\t\t\t\t<\/div>\n\t\t\t\t<\/div>\n\t\t\t\t<\/div>","protected":false},"excerpt":{"rendered":"<p>Cruz Planter, winner of the Archiproducts Design Award 2023 A clean geometry in service of biophilic elegance. Winner of the Archiproducts Design Award 2023, Cruz Planter embodies Greenmood's vision: timeless design, natural materials and acoustic comfort perfectly combined.<\/p>","protected":false},"author":1,"featured_media":0,"parent":0,"menu_order":0,"comment_status":"closed","ping_status":"closed","template":"","meta":{"_seopress_robots_primary_cat":"","_seopress_titles_title":"Archiproducts Design Award \u2014 Greenmood","_seopress_titles_desc":"Greenmood r\u00e9compens\u00e9 aux Archiproducts Design Awards : design biophilique, acoustique naturelle et mat\u00e9riaux durables.","_seopress_robots_index":"","footnotes":""},"class_list":["post-6894","page","type-page","status-publish","hentry"],"_links":{"self":[{"href":"https:\/\/greenmood.be\/en\/wp-json\/wp\/v2\/pages\/6894","targetHints":{"allow":["GET"]}}],"collection":[{"href":"https:\/\/greenmood.be\/en\/wp-json\/wp\/v2\/pages"}],"about":[{"href":"https:\/\/greenmood.be\/en\/wp-json\/wp\/v2\/types\/page"}],"author":[{"embeddable":true,"href":"https:\/\/greenmood.be\/en\/wp-json\/wp\/v2\/users\/1"}],"replies":[{"embeddable":true,"href":"https:\/\/greenmood.be\/en\/wp-json\/wp\/v2\/comments?post=6894"}],"version-history":[{"count":0,"href":"https:\/\/greenmood.be\/en\/wp-json\/wp\/v2\/pages\/6894\/revisions"}],"wp:attachment":[{"href":"https:\/\/greenmood.be\/en\/wp-json\/wp\/v2\/media?parent=6894"}],"curies":[{"name":"wp","href":"https:\/\/api.w.org\/{rel}","templated":true}]}}