{"id":11101,"date":"2026-01-15T13:13:48","date_gmt":"2026-01-15T13:13:48","guid":{"rendered":"https:\/\/greenmood.be\/?page_id=11101"},"modified":"2026-03-12T09:49:53","modified_gmt":"2026-03-12T09:49:53","slug":"guide-ad","status":"publish","type":"page","link":"https:\/\/greenmood.be\/nl\/guide-ad\/","title":{"rendered":"A&amp;D Gids"},"content":{"rendered":"<div data-elementor-type=\"wp-page\" data-elementor-id=\"11101\" class=\"elementor elementor-11101\" data-elementor-post-type=\"page\">\n\t\t\t\t<div data-particle_enable=\"false\" data-particle-mobile-disabled=\"false\" class=\"elementor-element elementor-element-187707b e-flex e-con-boxed e-con e-parent\" data-id=\"187707b\" data-element_type=\"container\" data-e-type=\"container\" data-settings=\"{&quot;background_background&quot;:&quot;classic&quot;}\">\n\t\t\t\t\t<div class=\"e-con-inner\">\n\t\t\t\t<div class=\"elementor-element elementor-element-bc69139 elementor-widget elementor-widget-heading\" data-id=\"bc69139\" data-element_type=\"widget\" data-e-type=\"widget\" data-widget_type=\"heading.default\">\n\t\t\t\t\t<h1 class=\"elementor-heading-title elementor-size-default\">A&amp;D Gids<\/br>\n<span style=\"font-family: 'Spezia Serif Book A', serif;font-size: 24px;currentcolor;color: #333333\">Inzicht in materialen, akoestiek en regelgeving voor interieurprojecten\n<\/span><\/h1>\t\t\t\t<\/div>\n\t\t\t\t\t<\/div>\n\t\t\t\t<\/div>\n\t\t<div data-particle_enable=\"false\" data-particle-mobile-disabled=\"false\" class=\"elementor-element elementor-element-861b282 e-con-full e-flex elementor-invisible e-con e-parent\" data-id=\"861b282\" data-element_type=\"container\" data-e-type=\"container\" data-settings=\"{&quot;background_background&quot;:&quot;classic&quot;,&quot;animation&quot;:&quot;fadeIn&quot;}\">\n\t\t\t\t<\/div>\n\t\t<div data-particle_enable=\"false\" data-particle-mobile-disabled=\"false\" class=\"elementor-element elementor-element-9449789 animated-slow e-flex e-con-boxed elementor-invisible e-con e-parent\" data-id=\"9449789\" data-element_type=\"container\" data-e-type=\"container\" data-settings=\"{&quot;animation&quot;:&quot;fadeIn&quot;}\">\n\t\t\t\t\t<div class=\"e-con-inner\">\n\t\t<div data-particle_enable=\"false\" data-particle-mobile-disabled=\"false\" class=\"elementor-element elementor-element-2b2bec1 e-con-full e-flex e-con e-child\" data-id=\"2b2bec1\" data-element_type=\"container\" data-e-type=\"container\">\n\t\t\t\t<div class=\"elementor-element elementor-element-09d4d38 elementor-widget elementor-widget-image\" data-id=\"09d4d38\" data-element_type=\"widget\" data-e-type=\"widget\" data-widget_type=\"image.default\">\n\t\t\t\t\t\t\t\t\t\t\t\t\t\t\t\t<a href=\"https:\/\/greenmood.be\/nl\/design-biophilique-bien-etre-travail\/\">\n\t\t\t\t\t\t\t<img fetchpriority=\"high\" decoding=\"async\" width=\"788\" height=\"494\" src=\"https:\/\/greenmood.be\/wp-content\/uploads\/sites\/6\/2026\/04\/preserved-moss-walls-vs-living-walls-1.webp\" class=\"attachment-large size-large wp-image-11416\" alt=\"gepreserveerde moswanden vs levende wanden\" srcset=\"https:\/\/greenmood.be\/wp-content\/uploads\/sites\/6\/2026\/04\/preserved-moss-walls-vs-living-walls-1.webp 788w, https:\/\/greenmood.be\/wp-content\/uploads\/sites\/6\/2026\/04\/preserved-moss-walls-vs-living-walls-1-300x188.webp 300w, https:\/\/greenmood.be\/wp-content\/uploads\/sites\/6\/2026\/04\/preserved-moss-walls-vs-living-walls-1-768x481.webp 768w, https:\/\/greenmood.be\/wp-content\/uploads\/sites\/6\/2026\/04\/preserved-moss-walls-vs-living-walls-1-18x12.webp 18w\" sizes=\"(max-width: 788px) 100vw, 788px\" \/>\t\t\t\t\t\t\t\t<\/a>\n\t\t\t\t\t\t\t\t\t\t\t\t\t\t\t<\/div>\n\t\t\t\t<div class=\"elementor-element elementor-element-e34d649 elementor-widget elementor-widget-heading\" data-id=\"e34d649\" data-element_type=\"widget\" data-e-type=\"widget\" data-widget_type=\"heading.default\">\n\t\t\t\t\t<h2 class=\"elementor-heading-title elementor-size-default\"><a href=\"https:\/\/greenmood.be\/nl\/design-biophilique-bien-etre-travail\/\">Gepreserveerde moswanden vs Groene wanden<\/a><\/h2>\t\t\t\t<\/div>\n\t\t\t\t<div class=\"elementor-element elementor-element-ccd8c5e elementor-invisible elementor-widget elementor-widget-text-editor\" data-id=\"ccd8c5e\" data-element_type=\"widget\" data-e-type=\"widget\" data-settings=\"{&quot;_animation&quot;:&quot;fadeInUp&quot;}\" data-widget_type=\"text-editor.default\">\n\t\t\t\t\t\t\t\t\t<p>De complete gids voor architecten: specificatie, prestaties en ROI. Technische gegevens, kostenanalyse en directe vergelijking om u te helpen kiezen.<\/p>\t\t\t\t\t\t\t\t<\/div>\n\t\t\t\t<\/div>\n\t\t<div data-particle_enable=\"false\" data-particle-mobile-disabled=\"false\" class=\"elementor-element elementor-element-b3cc70c e-con-full e-flex e-con e-child\" data-id=\"b3cc70c\" data-element_type=\"container\" data-e-type=\"container\">\n\t\t\t\t<div class=\"elementor-element elementor-element-09d4d38 elementor-widget elementor-widget-image\" data-id=\"09d4d38\" data-element_type=\"widget\" data-e-type=\"widget\" data-widget_type=\"image.default\">\n\t\t\t\t\t\t\t\t\t\t\t\t\t\t\t\t<a href=\"https:\/\/greenmood.be\/nl\/design-biophilique-bien-etre-travail\/\">\n\t\t\t\t\t\t\t<img decoding=\"async\" width=\"788\" height=\"494\" src=\"https:\/\/greenmood.be\/wp-content\/uploads\/sites\/6\/2026\/03\/biophilic-design-workplace-wellbeing-01-1.webp\" class=\"attachment-large size-large wp-image-11364\" alt=\"biofiel ontwerp werkplek welzijn 01\" srcset=\"https:\/\/greenmood.be\/wp-content\/uploads\/sites\/6\/2026\/03\/biophilic-design-workplace-wellbeing-01-1.webp 788w, https:\/\/greenmood.be\/wp-content\/uploads\/sites\/6\/2026\/03\/biophilic-design-workplace-wellbeing-01-1-300x188.webp 300w, https:\/\/greenmood.be\/wp-content\/uploads\/sites\/6\/2026\/03\/biophilic-design-workplace-wellbeing-01-1-768x481.webp 768w, https:\/\/greenmood.be\/wp-content\/uploads\/sites\/6\/2026\/03\/biophilic-design-workplace-wellbeing-01-1-18x12.webp 18w\" sizes=\"(max-width: 788px) 100vw, 788px\" \/>\t\t\t\t\t\t\t\t<\/a>\n\t\t\t\t\t\t\t\t\t\t\t\t\t\t\t<\/div>\n\t\t\t\t<div class=\"elementor-element elementor-element-e34d649 elementor-widget elementor-widget-heading\" data-id=\"e34d649\" data-element_type=\"widget\" data-e-type=\"widget\" data-widget_type=\"heading.default\">\n\t\t\t\t\t<h2 class=\"elementor-heading-title elementor-size-default\"><a href=\"https:\/\/greenmood.be\/nl\/design-biophilique-bien-etre-travail\/\">Biofiel ontwerp en welzijn op de werkplek<\/a><\/h2>\t\t\t\t<\/div>\n\t\t\t\t<div class=\"elementor-element elementor-element-ccd8c5e elementor-invisible elementor-widget elementor-widget-text-editor\" data-id=\"ccd8c5e\" data-element_type=\"widget\" data-e-type=\"widget\" data-settings=\"{&quot;_animation&quot;:&quot;fadeInUp&quot;}\" data-widget_type=\"text-editor.default\">\n\t\t\t\t\t\t\t\t\t<p>Waarom interieurs verbonden met de natuur een meetbare prestatie-infrastructuur zijn, en niet louter decoratie.<\/p>\t\t\t\t\t\t\t\t<\/div>\n\t\t\t\t<\/div>\n\t\t<div data-particle_enable=\"false\" data-particle-mobile-disabled=\"false\" class=\"elementor-element elementor-element-ea15f12 e-con-full e-flex e-con e-child\" data-id=\"ea15f12\" data-element_type=\"container\" data-e-type=\"container\">\n\t\t\t\t<div class=\"elementor-element elementor-element-2de284a elementor-widget elementor-widget-image\" data-id=\"2de284a\" data-element_type=\"widget\" data-e-type=\"widget\" data-widget_type=\"image.default\">\n\t\t\t\t\t\t\t\t\t\t\t\t\t\t\t\t<a href=\"https:\/\/greenmood.be\/nl\/comment-specifier-des-systemes-muraux-acoustiques-biophiliques-en-5-etapes\/\">\n\t\t\t\t\t\t\t<img decoding=\"async\" width=\"788\" height=\"494\" src=\"https:\/\/greenmood.be\/wp-content\/uploads\/sites\/6\/2026\/03\/5steps_icon.webp\" class=\"attachment-large size-large wp-image-11306\" alt=\"5steps icon.webp\" srcset=\"https:\/\/greenmood.be\/wp-content\/uploads\/sites\/6\/2026\/03\/5steps_icon.webp 788w, https:\/\/greenmood.be\/wp-content\/uploads\/sites\/6\/2026\/03\/5steps_icon-300x188.webp 300w, https:\/\/greenmood.be\/wp-content\/uploads\/sites\/6\/2026\/03\/5steps_icon-768x481.webp 768w, https:\/\/greenmood.be\/wp-content\/uploads\/sites\/6\/2026\/03\/5steps_icon-18x12.webp 18w\" sizes=\"(max-width: 788px) 100vw, 788px\" \/>\t\t\t\t\t\t\t\t<\/a>\n\t\t\t\t\t\t\t\t\t\t\t\t\t\t\t<\/div>\n\t\t\t\t<div class=\"elementor-element elementor-element-95194ea elementor-widget elementor-widget-heading\" data-id=\"95194ea\" data-element_type=\"widget\" data-e-type=\"widget\" data-widget_type=\"heading.default\">\n\t\t\t\t\t<h2 class=\"elementor-heading-title elementor-size-default\"><a href=\"https:\/\/greenmood.be\/nl\/comment-specifier-des-systemes-muraux-acoustiques-biophiliques-en-5-etapes\/\">Akoestische specificatiegids<\/a><\/h2>\t\t\t\t<\/div>\n\t\t\t\t<div class=\"elementor-element elementor-element-5595c3d elementor-invisible elementor-widget elementor-widget-text-editor\" data-id=\"5595c3d\" data-element_type=\"widget\" data-e-type=\"widget\" data-settings=\"{&quot;_animation&quot;:&quot;fadeInUp&quot;}\" data-widget_type=\"text-editor.default\">\n\t\t\t\t\t\t\t\t\t<p>Een stappenplan in 5 stappen om biofiele akoestische wandsystemen te specificeren, van akoestische doelstellingen tot systeemdocumentatie.<\/p>\t\t\t\t\t\t\t\t<\/div>\n\t\t\t\t<\/div>\n\t\t\t\t\t<\/div>\n\t\t\t\t<\/div>\n\t\t<div data-particle_enable=\"false\" data-particle-mobile-disabled=\"false\" class=\"elementor-element elementor-element-3b4c8ff animated-slow e-flex e-con-boxed elementor-invisible e-con e-parent\" data-id=\"3b4c8ff\" data-element_type=\"container\" data-e-type=\"container\" data-settings=\"{&quot;animation&quot;:&quot;fadeIn&quot;}\">\n\t\t\t\t\t<div class=\"e-con-inner\">\n\t\t<div data-particle_enable=\"false\" data-particle-mobile-disabled=\"false\" class=\"elementor-element elementor-element-fda4b48 e-con-full e-flex e-con e-child\" data-id=\"fda4b48\" data-element_type=\"container\" data-e-type=\"container\">\n\t\t\t\t<div class=\"elementor-element elementor-element-fa88230 elementor-widget elementor-widget-image\" data-id=\"fa88230\" data-element_type=\"widget\" data-e-type=\"widget\" data-widget_type=\"image.default\">\n\t\t\t\t\t\t\t\t\t\t\t\t\t\t\t\t<a href=\"https:\/\/greenmood.be\/nl\/performances-acoustiques-et-materiaux\/\">\n\t\t\t\t\t\t\t<img loading=\"lazy\" decoding=\"async\" width=\"788\" height=\"494\" src=\"https:\/\/greenmood.be\/wp-content\/uploads\/sites\/6\/2026\/02\/acoustic_icon.webp\" class=\"attachment-large size-large wp-image-11271\" alt=\"akoestisch icoon\" srcset=\"https:\/\/greenmood.be\/wp-content\/uploads\/sites\/6\/2026\/02\/acoustic_icon.webp 788w, https:\/\/greenmood.be\/wp-content\/uploads\/sites\/6\/2026\/02\/acoustic_icon-300x188.webp 300w, https:\/\/greenmood.be\/wp-content\/uploads\/sites\/6\/2026\/02\/acoustic_icon-768x481.webp 768w, https:\/\/greenmood.be\/wp-content\/uploads\/sites\/6\/2026\/02\/acoustic_icon-18x12.webp 18w\" sizes=\"(max-width: 788px) 100vw, 788px\" \/>\t\t\t\t\t\t\t\t<\/a>\n\t\t\t\t\t\t\t\t\t\t\t\t\t\t\t<\/div>\n\t\t\t\t<div class=\"elementor-element elementor-element-52aa1ca elementor-widget elementor-widget-heading\" data-id=\"52aa1ca\" data-element_type=\"widget\" data-e-type=\"widget\" data-widget_type=\"heading.default\">\n\t\t\t\t\t<h2 class=\"elementor-heading-title elementor-size-default\"><a href=\"https:\/\/greenmood.be\/nl\/performances-acoustiques-et-materiaux\/\">Akoestische &amp; materiaaleigenschappen<\/a><\/h2>\t\t\t\t<\/div>\n\t\t\t\t<div class=\"elementor-element elementor-element-4ebedbc elementor-invisible elementor-widget elementor-widget-text-editor\" data-id=\"4ebedbc\" data-element_type=\"widget\" data-e-type=\"widget\" data-settings=\"{&quot;_animation&quot;:&quot;fadeInUp&quot;}\" data-widget_type=\"text-editor.default\">\n\t\t\t\t\t\t\t\t\t<p>Akoestisch gedrag, materiaaleigenschappen en re\u00eble prestatiebeperkingen.<\/p>\t\t\t\t\t\t\t\t<\/div>\n\t\t\t\t<\/div>\n\t\t<div data-particle_enable=\"false\" data-particle-mobile-disabled=\"false\" class=\"elementor-element elementor-element-be82287 e-con-full e-flex e-con e-child\" data-id=\"be82287\" data-element_type=\"container\" data-e-type=\"container\">\n\t\t\t\t<div class=\"elementor-element elementor-element-acaad5c elementor-widget elementor-widget-image\" data-id=\"acaad5c\" data-element_type=\"widget\" data-e-type=\"widget\" data-widget_type=\"image.default\">\n\t\t\t\t\t\t\t\t\t\t\t\t\t\t\t\t<a href=\"https:\/\/greenmood.be\/nl\/durabilite-et-leed-v5\/\">\n\t\t\t\t\t\t\t<img loading=\"lazy\" decoding=\"async\" width=\"788\" height=\"494\" src=\"https:\/\/greenmood.be\/wp-content\/uploads\/sites\/6\/2026\/01\/sustain_icon.webp\" class=\"attachment-large size-large wp-image-11205\" alt=\"sustain icon\" srcset=\"https:\/\/greenmood.be\/wp-content\/uploads\/sites\/6\/2026\/01\/sustain_icon.webp 788w, https:\/\/greenmood.be\/wp-content\/uploads\/sites\/6\/2026\/01\/sustain_icon-300x188.webp 300w, https:\/\/greenmood.be\/wp-content\/uploads\/sites\/6\/2026\/01\/sustain_icon-768x481.webp 768w, https:\/\/greenmood.be\/wp-content\/uploads\/sites\/6\/2026\/01\/sustain_icon-18x12.webp 18w\" sizes=\"(max-width: 788px) 100vw, 788px\" \/>\t\t\t\t\t\t\t\t<\/a>\n\t\t\t\t\t\t\t\t\t\t\t\t\t\t\t<\/div>\n\t\t\t\t<div class=\"elementor-element elementor-element-3ee5865 elementor-widget elementor-widget-heading\" data-id=\"3ee5865\" data-element_type=\"widget\" data-e-type=\"widget\" data-widget_type=\"heading.default\">\n\t\t\t\t\t<h2 class=\"elementor-heading-title elementor-size-default\"><a href=\"https:\/\/greenmood.be\/nl\/durabilite-et-leed-v5\/\">Durabiliteit en LEED v5<\/a><\/h2>\t\t\t\t<\/div>\n\t\t\t\t<div class=\"elementor-element elementor-element-87097a2 elementor-invisible elementor-widget elementor-widget-text-editor\" data-id=\"87097a2\" data-element_type=\"widget\" data-e-type=\"widget\" data-settings=\"{&quot;_animation&quot;:&quot;fadeInUp&quot;}\" data-widget_type=\"text-editor.default\">\n\t\t\t\t\t\t\t\t\t<p>Bijdrage van biofiele en akoestische materialen aan duurzaamheidsstrategie\u00ebn, met LEED v5-afstemming indien vereist<\/p>\t\t\t\t\t\t\t\t<\/div>\n\t\t\t\t<\/div>\n\t\t<div data-particle_enable=\"false\" data-particle-mobile-disabled=\"false\" class=\"elementor-element elementor-element-ddf974e e-con-full e-flex e-con e-child\" data-id=\"ddf974e\" data-element_type=\"container\" data-e-type=\"container\">\n\t\t\t\t<div class=\"elementor-element elementor-element-10f7b5e elementor-widget elementor-widget-image\" data-id=\"10f7b5e\" data-element_type=\"widget\" data-e-type=\"widget\" data-widget_type=\"image.default\">\n\t\t\t\t\t\t\t\t\t\t\t\t\t\t\t\t<a href=\"https:\/\/greenmood.be\/nl\/securite-incendie-responsabilite\/\">\n\t\t\t\t\t\t\t<img loading=\"lazy\" decoding=\"async\" width=\"788\" height=\"494\" src=\"https:\/\/greenmood.be\/wp-content\/uploads\/sites\/6\/2026\/01\/fire-safety_icon.webp\" class=\"attachment-large size-large wp-image-11104\" alt=\"fire safety icon.webp\" srcset=\"https:\/\/greenmood.be\/wp-content\/uploads\/sites\/6\/2026\/01\/fire-safety_icon.webp 788w, https:\/\/greenmood.be\/wp-content\/uploads\/sites\/6\/2026\/01\/fire-safety_icon-300x188.webp 300w, https:\/\/greenmood.be\/wp-content\/uploads\/sites\/6\/2026\/01\/fire-safety_icon-768x481.webp 768w, https:\/\/greenmood.be\/wp-content\/uploads\/sites\/6\/2026\/01\/fire-safety_icon-18x12.webp 18w\" sizes=\"(max-width: 788px) 100vw, 788px\" \/>\t\t\t\t\t\t\t\t<\/a>\n\t\t\t\t\t\t\t\t\t\t\t\t\t\t\t<\/div>\n\t\t\t\t<div class=\"elementor-element elementor-element-710cbb7 elementor-widget elementor-widget-heading\" data-id=\"710cbb7\" data-element_type=\"widget\" data-e-type=\"widget\" data-widget_type=\"heading.default\">\n\t\t\t\t\t<h2 class=\"elementor-heading-title elementor-size-default\"><a href=\"https:\/\/greenmood.be\/nl\/securite-incendie-responsabilite\/\">Brandveiligheid &amp; verantwoordelijkheid<\/a><\/h2>\t\t\t\t<\/div>\n\t\t\t\t<div class=\"elementor-element elementor-element-f55d152 elementor-invisible elementor-widget elementor-widget-text-editor\" data-id=\"f55d152\" data-element_type=\"widget\" data-e-type=\"widget\" data-settings=\"{&quot;_animation&quot;:&quot;fadeInUp&quot;}\" data-widget_type=\"text-editor.default\">\n\t\t\t\t\t\t\t\t\t<p>Inzicht in brandgedrag, testomvang en professionele verantwoordelijkheid binnen biophilic wandsystemen.<\/p>\t\t\t\t\t\t\t\t<\/div>\n\t\t\t\t<\/div>\n\t\t\t\t\t<\/div>\n\t\t\t\t<\/div>\n\t\t\t\t<\/div>","protected":false},"excerpt":{"rendered":"<p>Guide A&amp;D Expertise mat\u00e9riaux, acoustique et r\u00e9glementaire pour les projets d\u2019am\u00e9nagement int\u00e9rieur Guides techniques et r\u00e9glementaires pour la conception, la prescription et l\u2019int\u00e9gration de syst\u00e8mes et \u00e9l\u00e9ments biophiliques et acoustiques, standards ou sur mesure, dans les int\u00e9rieurs professionnels. S\u00e9curit\u00e9 incendie &amp; responsabilit\u00e9 Comprendre le comportement au feu, le p\u00e9rim\u00e8tre des essais et la responsabilit\u00e9 professionnelle [&hellip;]<\/p>\n","protected":false},"author":2,"featured_media":0,"parent":0,"menu_order":0,"comment_status":"closed","ping_status":"closed","template":"elementor_header_footer","meta":{"_seopress_robots_primary_cat":"","_seopress_titles_title":"Guide A&D \u2014 Greenmood","_seopress_titles_desc":"Guides techniques et r\u00e9glementaires pour sp\u00e9cifier des solutions acoustiques biophiliques dans vos projets d'architecture int\u00e9rieure.","_seopress_robots_index":"","footnotes":""},"class_list":["post-11101","page","type-page","status-publish","hentry"],"_links":{"self":[{"href":"https:\/\/greenmood.be\/nl\/wp-json\/wp\/v2\/pages\/11101","targetHints":{"allow":["GET"]}}],"collection":[{"href":"https:\/\/greenmood.be\/nl\/wp-json\/wp\/v2\/pages"}],"about":[{"href":"https:\/\/greenmood.be\/nl\/wp-json\/wp\/v2\/types\/page"}],"author":[{"embeddable":true,"href":"https:\/\/greenmood.be\/nl\/wp-json\/wp\/v2\/users\/2"}],"replies":[{"embeddable":true,"href":"https:\/\/greenmood.be\/nl\/wp-json\/wp\/v2\/comments?post=11101"}],"version-history":[{"count":16,"href":"https:\/\/greenmood.be\/nl\/wp-json\/wp\/v2\/pages\/11101\/revisions"}],"predecessor-version":[{"id":11380,"href":"https:\/\/greenmood.be\/nl\/wp-json\/wp\/v2\/pages\/11101\/revisions\/11380"}],"wp:attachment":[{"href":"https:\/\/greenmood.be\/nl\/wp-json\/wp\/v2\/media?parent=11101"}],"curies":[{"name":"wp","href":"https:\/\/api.w.org\/{rel}","templated":true}]}}