{"id":2549,"date":"2025-07-22T12:23:44","date_gmt":"2025-07-22T12:23:44","guid":{"rendered":"https:\/\/greenmood.us\/be\/?page_id=2549"},"modified":"2025-10-22T08:12:31","modified_gmt":"2025-10-22T08:12:31","slug":"durabilite","status":"publish","type":"page","link":"https:\/\/greenmood.be\/nl\/durabilite\/","title":{"rendered":"Duurzaamheid"},"content":{"rendered":"<div data-elementor-type=\"wp-page\" data-elementor-id=\"2549\" class=\"elementor elementor-2549\" data-elementor-post-type=\"page\">\n\t\t\t\t<div data-particle_enable=\"false\" data-particle-mobile-disabled=\"false\" class=\"elementor-element elementor-element-9032a39 e-con-full e-flex e-con e-parent\" data-id=\"9032a39\" data-element_type=\"container\" data-e-type=\"container\">\n\t\t<div data-particle_enable=\"false\" data-particle-mobile-disabled=\"false\" class=\"elementor-element elementor-element-a6b3da3 e-con-full e-flex e-con e-child\" data-id=\"a6b3da3\" data-element_type=\"container\" data-e-type=\"container\" data-settings=\"{&quot;background_background&quot;:&quot;classic&quot;}\">\n\t\t\t\t<div class=\"elementor-element elementor-element-66b67b1 elementor-widget elementor-widget-html\" data-id=\"66b67b1\" data-element_type=\"widget\" data-e-type=\"widget\" data-widget_type=\"html.default\">\n\t\t\t\t\t<div class=\"scrolling-text\">\r\n  <span>Duurzaamheid&nbsp;&nbsp;&nbsp;&nbsp;Duurzaamheid&nbsp;&nbsp;&nbsp;&nbsp;<\/span>\r\n<\/div>\r\n\r\n<style>\r\n@font-face {\r\n  font-family: 'Spezia';\r\n  src: url('https:\/\/yourdomain.com\/path-to-spezia.woff2') format('woff2');\r\n  font-weight: normal;\r\n  font-style: normal;\r\n}\r\n\r\n.scrolling-text {\r\n  position: absolute;\r\n  top: -150px; \/* \u2705 bien en haut *\/\r\n  left: 0;\r\n  width: 100%;\r\n  overflow: visible; \/* \u2705 pour \u00e9viter de couper le bas des lettres *\/\r\n  white-space: nowrap;\r\n  z-index: 1;\r\n  pointer-events: none;\r\n  line-height: 1.1;\r\n}\r\n\r\n.scrolling-text span {\r\n  display: inline-block;\r\n  animation: scroll-left 30s linear infinite;\r\n  font-family: 'Spezia', serif;\r\n  font-size: 16vw;\r\n  color: rgba(0, 0, 0, 0.18);\r\n  line-height: 1.2;\r\n  padding-bottom: 0.3em;\r\n}\r\n\r\n@keyframes scroll-left {\r\n  0% {\r\n    transform: translateX(0%);\r\n  }\r\n  100% {\r\n    transform: translateX(-100%);\r\n  }\r\n}\r\n<\/style>\r\n\t\t\t\t<\/div>\n\t\t\t\t<div class=\"elementor-element elementor-element-a9a04d8 elementor-invisible elementor-widget elementor-widget-heading\" data-id=\"a9a04d8\" data-element_type=\"widget\" data-e-type=\"widget\" data-settings=\"{&quot;_animation&quot;:&quot;fadeInUp&quot;}\" data-widget_type=\"heading.default\">\n\t\t\t\t\t<h2 class=\"elementor-heading-title elementor-size-default\">Onze visie op duurzaamheid<\/h2>\t\t\t\t<\/div>\n\t\t<div data-particle_enable=\"false\" data-particle-mobile-disabled=\"false\" class=\"elementor-element elementor-element-9c52e8c e-con-full e-flex e-con e-child\" data-id=\"9c52e8c\" data-element_type=\"container\" data-e-type=\"container\">\n\t\t\t\t<div class=\"elementor-element elementor-element-4a55f91 elementor-invisible elementor-widget elementor-widget-html\" data-id=\"4a55f91\" data-element_type=\"widget\" data-e-type=\"widget\" data-settings=\"{&quot;_animation&quot;:&quot;fadeInUp&quot;}\" data-widget_type=\"html.default\">\n\t\t\t\t\t<div style=\"width:1.5px; height:80px; background-color:#333333; margin: auto;\"><\/div>\r\n\t\t\t\t<\/div>\n\t\t\t\t<\/div>\n\t\t<div data-particle_enable=\"false\" data-particle-mobile-disabled=\"false\" class=\"elementor-element elementor-element-182a77c e-con-full e-flex e-con e-child\" data-id=\"182a77c\" data-element_type=\"container\" data-e-type=\"container\">\n\t\t\t\t<div class=\"elementor-element elementor-element-37f3502 elementor-invisible elementor-widget elementor-widget-text-editor\" data-id=\"37f3502\" data-element_type=\"widget\" data-e-type=\"widget\" data-settings=\"{&quot;_animation&quot;:&quot;fadeInUp&quot;}\" data-widget_type=\"text-editor.default\">\n\t\t\t\t\t\t\t\t\t<p>Bij Greenmood geloven we dat duurzaamheid verder gaat dan een ecologische plicht. Het is een manier om ruimtes te ontwerpen die zorg dragen voor mens en natuur.<\/p>\t\t\t\t\t\t\t\t<\/div>\n\t\t\t\t<\/div>\n\t\t<div data-particle_enable=\"false\" data-particle-mobile-disabled=\"false\" class=\"elementor-element elementor-element-45f8bdb e-con-full e-flex elementor-invisible e-con e-child\" data-id=\"45f8bdb\" data-element_type=\"container\" data-e-type=\"container\" data-settings=\"{&quot;animation&quot;:&quot;fadeInUp&quot;}\">\n\t\t<div data-particle_enable=\"false\" data-particle-mobile-disabled=\"false\" class=\"elementor-element elementor-element-ca7f572 e-con-full e-flex e-con e-child\" data-id=\"ca7f572\" data-element_type=\"container\" data-e-type=\"container\">\n\t\t\t\t<div class=\"elementor-element elementor-element-d4b4701 elementor-widget elementor-widget-text-editor\" data-id=\"d4b4701\" data-element_type=\"widget\" data-e-type=\"widget\" data-widget_type=\"text-editor.default\">\n\t\t\t\t\t\t\t\t\t<p>Veel mensen koppelen duurzaamheid aan de buitenwereld, maar onze biophilic aanpak richt zich evenzeer op de binnenruimtes waar we leven en werken. We erkennen de emotionele, psychologische en fysieke impact van architectuur en design op het welzijn. Daarom brengen we de natuur terug naar het hart van gebouwen met gepreserveerde natuurlijke mossen en duurzame materialen, zodat iedereen opnieuw verbinding voelt met het ritme van het levende.<\/p>\t\t\t\t\t\t\t\t<\/div>\n\t\t\t\t<\/div>\n\t\t<div data-particle_enable=\"false\" data-particle-mobile-disabled=\"false\" class=\"elementor-element elementor-element-70730f7 e-con-full e-flex e-con e-child\" data-id=\"70730f7\" data-element_type=\"container\" data-e-type=\"container\">\n\t\t\t\t<div class=\"elementor-element elementor-element-6b3dd22 elementor-widget elementor-widget-text-editor\" data-id=\"6b3dd22\" data-element_type=\"widget\" data-e-type=\"widget\" data-widget_type=\"text-editor.default\">\n\t\t\t\t\t\t\t\t\t<p>Met ons werk willen we het bewustzijn vergroten over het belang van planeetbescherming en van ruimtes die welzijn, productiviteit en rust bevorderen. Onze langetermijnambitie: bijdragen aan een toekomst waarin interieurs actief de bescherming van het milieu \u00e9n het menselijke floreren ondersteunen.<\/p>\t\t\t\t\t\t\t\t<\/div>\n\t\t\t\t<\/div>\n\t\t\t\t<\/div>\n\t\t\t\t<\/div>\n\t\t<div data-particle_enable=\"false\" data-particle-mobile-disabled=\"false\" class=\"elementor-element elementor-element-76ee4fa e-con-full animated-slow e-flex elementor-invisible e-con e-child\" data-id=\"76ee4fa\" data-element_type=\"container\" data-e-type=\"container\" data-settings=\"{&quot;background_background&quot;:&quot;classic&quot;,&quot;animation&quot;:&quot;fadeIn&quot;}\">\n\t\t\t\t<\/div>\n\t\t\t\t<\/div>\n\t\t<div data-particle_enable=\"false\" data-particle-mobile-disabled=\"false\" class=\"elementor-element elementor-element-a933e72 e-con-full e-flex e-con e-parent\" data-id=\"a933e72\" data-element_type=\"container\" data-e-type=\"container\" data-settings=\"{&quot;background_background&quot;:&quot;classic&quot;}\">\n\t\t<div data-particle_enable=\"false\" data-particle-mobile-disabled=\"false\" class=\"elementor-element elementor-element-3232233 e-con-full e-flex e-con e-child\" data-id=\"3232233\" data-element_type=\"container\" data-e-type=\"container\" data-settings=\"{&quot;background_background&quot;:&quot;classic&quot;}\">\n\t\t\t\t<div class=\"elementor-element elementor-element-df07942 elementor-invisible elementor-widget elementor-widget-heading\" data-id=\"df07942\" data-element_type=\"widget\" data-e-type=\"widget\" data-settings=\"{&quot;_animation&quot;:&quot;fadeInUp&quot;}\" data-widget_type=\"heading.default\">\n\t\t\t\t\t<h2 class=\"elementor-heading-title elementor-size-default\">Onze kernwaarden<\/h2>\t\t\t\t<\/div>\n\t\t<div data-particle_enable=\"false\" data-particle-mobile-disabled=\"false\" class=\"elementor-element elementor-element-059ab24 e-con-full e-flex e-con e-child\" data-id=\"059ab24\" data-element_type=\"container\" data-e-type=\"container\">\n\t\t\t\t<div class=\"elementor-element elementor-element-8a1d72a elementor-invisible elementor-widget elementor-widget-html\" data-id=\"8a1d72a\" data-element_type=\"widget\" data-e-type=\"widget\" data-settings=\"{&quot;_animation&quot;:&quot;fadeInUp&quot;}\" data-widget_type=\"html.default\">\n\t\t\t\t\t<div style=\"width:1.5px; height:80px; background-color:#333333; margin: auto;\"><\/div>\r\n\t\t\t\t<\/div>\n\t\t\t\t<\/div>\n\t\t<div data-particle_enable=\"false\" data-particle-mobile-disabled=\"false\" class=\"elementor-element elementor-element-5a98445 e-con-full e-flex e-con e-child\" data-id=\"5a98445\" data-element_type=\"container\" data-e-type=\"container\">\n\t\t\t\t<div class=\"elementor-element elementor-element-5bf27cb elementor-widget elementor-widget-text-editor\" data-id=\"5bf27cb\" data-element_type=\"widget\" data-e-type=\"widget\" data-widget_type=\"text-editor.default\">\n\t\t\t\t\t\t\t\t\t<p>Onze bedrijfscultuur steunt op verantwoordelijkheid, respect en een biophilic intentie. Elk product en elke actie weerspiegelt deze principes:<\/p>\t\t\t\t\t\t\t\t<\/div>\n\t\t\t\t<\/div>\n\t\t<div data-particle_enable=\"false\" data-particle-mobile-disabled=\"false\" class=\"elementor-element elementor-element-c691fc9 e-con-full e-flex elementor-invisible e-con e-child\" data-id=\"c691fc9\" data-element_type=\"container\" data-e-type=\"container\" data-settings=\"{&quot;animation&quot;:&quot;fadeInUp&quot;}\">\n\t\t<div data-particle_enable=\"false\" data-particle-mobile-disabled=\"false\" class=\"elementor-element elementor-element-31aa44f e-con-full e-flex e-con e-child\" data-id=\"31aa44f\" data-element_type=\"container\" data-e-type=\"container\">\n\t\t\t\t<div class=\"elementor-element elementor-element-eb52e23 elementor-widget elementor-widget-text-editor\" data-id=\"eb52e23\" data-element_type=\"widget\" data-e-type=\"widget\" data-widget_type=\"text-editor.default\">\n\t\t\t\t\t\t\t\t\t<ul><li><p>Eerlijkheid in communicatie en engagementen<\/p><\/li><li><p>Integriteit binnen het team en met onze partners<\/p><\/li><li><p>Respect en beleefdheid in al onze interacties<\/p><\/li><li><p>Biophilie als dagelijkse mindset, niet enkel een concept<\/p><\/li><li><p>Reduceren, hergebruiken, recycleren, systematisch<\/p><\/li><\/ul>\t\t\t\t\t\t\t\t<\/div>\n\t\t\t\t<\/div>\n\t\t<div data-particle_enable=\"false\" data-particle-mobile-disabled=\"false\" class=\"elementor-element elementor-element-016a3bb e-con-full e-flex e-con e-child\" data-id=\"016a3bb\" data-element_type=\"container\" data-e-type=\"container\">\n\t\t\t\t<div class=\"elementor-element elementor-element-9ec25ee elementor-widget elementor-widget-text-editor\" data-id=\"9ec25ee\" data-element_type=\"widget\" data-e-type=\"widget\" data-widget_type=\"text-editor.default\">\n\t\t\t\t\t\t\t\t\t<ul><li><p>Onderwijzen over de voordelen van nature-integrated design<\/p><\/li><li><p>Verantwoordelijkheid nemen voor de impact van onze keuzes<\/p><\/li><li><p>Betrokkenheid bij lokale en globale communities<\/p><\/li><li><p>Een gezonde, motiverende en mensgerichte werkplek ondersteunen<\/p><\/li><li><p>Voor morgen ontwerpen bij elke oplossing<\/p><\/li><\/ul>\t\t\t\t\t\t\t\t<\/div>\n\t\t\t\t<\/div>\n\t\t\t\t<\/div>\n\t\t<div data-particle_enable=\"false\" data-particle-mobile-disabled=\"false\" class=\"elementor-element elementor-element-4f2e829 e-con-full e-flex elementor-invisible e-con e-child\" data-id=\"4f2e829\" data-element_type=\"container\" data-e-type=\"container\" data-settings=\"{&quot;animation&quot;:&quot;fadeInUp&quot;}\">\n\t\t\t\t<div class=\"elementor-element elementor-element-a834122 elementor-widget elementor-widget-text-editor\" data-id=\"a834122\" data-element_type=\"widget\" data-e-type=\"widget\" data-widget_type=\"text-editor.default\">\n\t\t\t\t\t\t\t\t\t<p>Voor ons is duurzaamheid niet alleen wat we doen, het is wie we zijn.<\/p>\t\t\t\t\t\t\t\t<\/div>\n\t\t\t\t<\/div>\n\t\t\t\t<\/div>\n\t\t<div data-particle_enable=\"false\" data-particle-mobile-disabled=\"false\" class=\"elementor-element elementor-element-adb7c86 e-con-full animated-slow e-flex elementor-invisible e-con e-child\" data-id=\"adb7c86\" data-element_type=\"container\" data-e-type=\"container\" data-settings=\"{&quot;background_background&quot;:&quot;classic&quot;,&quot;animation&quot;:&quot;fadeIn&quot;}\">\n\t\t\t\t<\/div>\n\t\t\t\t<\/div>\n\t\t<div data-particle_enable=\"false\" data-particle-mobile-disabled=\"false\" class=\"elementor-element elementor-element-4519330 e-con-full e-flex e-con e-parent\" data-id=\"4519330\" data-element_type=\"container\" data-e-type=\"container\">\n\t\t<div data-particle_enable=\"false\" data-particle-mobile-disabled=\"false\" class=\"elementor-element elementor-element-e065ee7 e-con-full e-flex e-con e-child\" data-id=\"e065ee7\" data-element_type=\"container\" data-e-type=\"container\" data-settings=\"{&quot;background_background&quot;:&quot;classic&quot;}\">\n\t\t\t\t<div class=\"elementor-element elementor-element-08bd47d elementor-invisible elementor-widget elementor-widget-heading\" data-id=\"08bd47d\" data-element_type=\"widget\" data-e-type=\"widget\" data-settings=\"{&quot;_animation&quot;:&quot;fadeInUp&quot;}\" data-widget_type=\"heading.default\">\n\t\t\t\t\t<h2 class=\"elementor-heading-title elementor-size-default\">Een biophilic toekomst ontwerpen<\/h2>\t\t\t\t<\/div>\n\t\t<div data-particle_enable=\"false\" data-particle-mobile-disabled=\"false\" class=\"elementor-element elementor-element-ea15df2 e-con-full e-flex e-con e-child\" data-id=\"ea15df2\" data-element_type=\"container\" data-e-type=\"container\">\n\t\t\t\t<div class=\"elementor-element elementor-element-40497d4 elementor-invisible elementor-widget elementor-widget-html\" data-id=\"40497d4\" data-element_type=\"widget\" data-e-type=\"widget\" data-settings=\"{&quot;_animation&quot;:&quot;fadeInUp&quot;}\" data-widget_type=\"html.default\">\n\t\t\t\t\t<div style=\"width:1.5px; height:80px; background-color:#333333; margin: auto;\"><\/div>\r\n\t\t\t\t<\/div>\n\t\t\t\t<\/div>\n\t\t<div data-particle_enable=\"false\" data-particle-mobile-disabled=\"false\" class=\"elementor-element elementor-element-b1e2b83 e-con-full e-flex elementor-invisible e-con e-child\" data-id=\"b1e2b83\" data-element_type=\"container\" data-e-type=\"container\" data-settings=\"{&quot;animation&quot;:&quot;fadeInUp&quot;}\">\n\t\t<div data-particle_enable=\"false\" data-particle-mobile-disabled=\"false\" class=\"elementor-element elementor-element-0f1493f e-con-full e-flex e-con e-child\" data-id=\"0f1493f\" data-element_type=\"container\" data-e-type=\"container\">\n\t\t\t\t<div class=\"elementor-element elementor-element-0bd06b6 elementor-widget elementor-widget-text-editor\" data-id=\"0bd06b6\" data-element_type=\"widget\" data-e-type=\"widget\" data-widget_type=\"text-editor.default\">\n\t\t\t\t\t\t\t\t\t<p>Greenmood is gespecialiseerd in biophilic akoestisch design: wanden met gepreserveerd mos, natuurlijke kurktegels en andere ecologisch verantwoorde materialen die duurzaamheid \u00e9n de zintuigen ondersteunen.<\/p><p>Onze op de natuur ge\u00efnspireerde producten zijn ontworpen om te:<\/p>\t\t\t\t\t\t\t\t<\/div>\n\t\t\t\t<\/div>\n\t\t\t\t<\/div>\n\t\t<div data-particle_enable=\"false\" data-particle-mobile-disabled=\"false\" class=\"elementor-element elementor-element-8bf2f9e e-con-full e-flex elementor-invisible e-con e-child\" data-id=\"8bf2f9e\" data-element_type=\"container\" data-e-type=\"container\" data-settings=\"{&quot;animation&quot;:&quot;fadeInUp&quot;}\">\n\t\t<div data-particle_enable=\"false\" data-particle-mobile-disabled=\"false\" class=\"elementor-element elementor-element-5e330cf e-con-full e-flex e-con e-child\" data-id=\"5e330cf\" data-element_type=\"container\" data-e-type=\"container\">\n\t\t<div data-particle_enable=\"false\" data-particle-mobile-disabled=\"false\" class=\"elementor-element elementor-element-400e559 e-con-full e-flex e-con e-child\" data-id=\"400e559\" data-element_type=\"container\" data-e-type=\"container\">\n\t\t\t\t<div class=\"elementor-element elementor-element-60573af elementor-widget elementor-widget-text-editor\" data-id=\"60573af\" data-element_type=\"widget\" data-e-type=\"widget\" data-widget_type=\"text-editor.default\">\n\t\t\t\t\t\t\t\t\t<ul style=\"text-align: left;\"><li><p>Geluidsoverlast in open ruimtes en kantoren te verminderen<\/p><\/li><li><p>Warme, organische texturen te brengen in steriele of industri\u00eble interieurs<\/p><\/li><li><p>Een groene esthetiek te bieden zonder onderhoud, zonder licht, zonder water, zonder aarde<\/p><\/li><\/ul>\t\t\t\t\t\t\t\t<\/div>\n\t\t\t\t<\/div>\n\t\t<div data-particle_enable=\"false\" data-particle-mobile-disabled=\"false\" class=\"elementor-element elementor-element-2d2a381 e-con-full e-flex e-con e-child\" data-id=\"2d2a381\" data-element_type=\"container\" data-e-type=\"container\">\n\t\t\t\t<div class=\"elementor-element elementor-element-77be1c7 elementor-widget elementor-widget-text-editor\" data-id=\"77be1c7\" data-element_type=\"widget\" data-e-type=\"widget\" data-widget_type=\"text-editor.default\">\n\t\t\t\t\t\t\t\t\t<p>Elk element is zorgvuldig geselecteerd om visuele rust, akoestisch comfort en een natuurlijke sfeer aan het gebouw toe te voegen, zonder de lasten van levende beplanting.<\/p>\t\t\t\t\t\t\t\t<\/div>\n\t\t\t\t<\/div>\n\t\t\t\t<\/div>\n\t\t\t\t<div class=\"elementor-element elementor-element-e8ea2e5 elementor-widget elementor-widget-text-editor\" data-id=\"e8ea2e5\" data-element_type=\"widget\" data-e-type=\"widget\" data-widget_type=\"text-editor.default\">\n\t\t\t\t\t\t\t\t\t<p>Onze oplossingen passen bij moderne werkruimtes die streven naar duurzame schoonheid, functionaliteit en een mensgerichte atmosfeer, geworteld in biophilic principes.<\/p>\t\t\t\t\t\t\t\t<\/div>\n\t\t\t\t<\/div>\n\t\t\t\t<\/div>\n\t\t<div data-particle_enable=\"false\" data-particle-mobile-disabled=\"false\" class=\"elementor-element elementor-element-29292a1 e-con-full animated-slow e-flex elementor-invisible e-con e-child\" data-id=\"29292a1\" data-element_type=\"container\" data-e-type=\"container\" data-settings=\"{&quot;background_background&quot;:&quot;classic&quot;,&quot;animation&quot;:&quot;fadeIn&quot;}\">\n\t\t\t\t<\/div>\n\t\t\t\t<\/div>\n\t\t<div data-particle_enable=\"false\" data-particle-mobile-disabled=\"false\" class=\"elementor-element elementor-element-a49d072 e-flex e-con-boxed e-con e-parent\" data-id=\"a49d072\" data-element_type=\"container\" data-e-type=\"container\">\n\t\t\t\t\t<div class=\"e-con-inner\">\n\t\t\t\t<div class=\"elementor-element elementor-element-00bbdb4 elementor-invisible elementor-widget elementor-widget-heading\" data-id=\"00bbdb4\" data-element_type=\"widget\" data-e-type=\"widget\" data-settings=\"{&quot;_animation&quot;:&quot;fadeInUp&quot;}\" data-widget_type=\"heading.default\">\n\t\t\t\t\t<h2 class=\"elementor-heading-title elementor-size-default\">Duurzaamheidsrapport<\/h2>\t\t\t\t<\/div>\n\t\t<div data-particle_enable=\"false\" data-particle-mobile-disabled=\"false\" class=\"elementor-element elementor-element-c8ff4df e-con-full e-flex e-con e-child\" data-id=\"c8ff4df\" data-element_type=\"container\" data-e-type=\"container\">\n\t\t\t\t<div class=\"elementor-element elementor-element-94a6e6d elementor-invisible elementor-widget elementor-widget-html\" data-id=\"94a6e6d\" data-element_type=\"widget\" data-e-type=\"widget\" data-settings=\"{&quot;_animation&quot;:&quot;fadeInUp&quot;}\" data-widget_type=\"html.default\">\n\t\t\t\t\t<div style=\"width:1.5px; height:80px; background-color:#333333; margin: auto;\"><\/div>\r\n\t\t\t\t<\/div>\n\t\t<div data-particle_enable=\"false\" data-particle-mobile-disabled=\"false\" class=\"elementor-element elementor-element-0cebc6b e-con-full e-flex elementor-invisible e-con e-child\" data-id=\"0cebc6b\" data-element_type=\"container\" data-e-type=\"container\" data-settings=\"{&quot;animation&quot;:&quot;fadeInUp&quot;}\">\n\t\t<div data-particle_enable=\"false\" data-particle-mobile-disabled=\"false\" class=\"elementor-element elementor-element-ceae859 e-con-full e-flex e-con e-child\" data-id=\"ceae859\" data-element_type=\"container\" data-e-type=\"container\">\n\t\t\t\t<div class=\"elementor-element elementor-element-233e45c elementor-widget elementor-widget-text-editor\" data-id=\"233e45c\" data-element_type=\"widget\" data-e-type=\"widget\" data-widget_type=\"text-editor.default\">\n\t\t\t\t\t\t\t\t\t<p style=\"text-align: center;\">Ontdek ons recentste rapport: materiaalvoorziening, preservatieprocessen, levenscyclusdata en circulariteitsacties. Transparante indicatoren om onze producten met vertrouwen te specificeren.<\/p>\t\t\t\t\t\t\t\t<\/div>\n\t\t\t\t<div class=\"elementor-element elementor-element-53187d4 elementor-tablet-align-center elementor-align-center elementor-widget elementor-widget-button\" data-id=\"53187d4\" data-element_type=\"widget\" data-e-type=\"widget\" data-widget_type=\"button.default\">\n\t\t\t\t\t\t\t\t\t\t<a class=\"elementor-button elementor-button-link elementor-size-sm\" href=\"https:\/\/greenmood.be\/nl\/greenmood_sustainability_report_2023-copy\/\">\n\t\t\t\t\t\t<span class=\"elementor-button-content-wrapper\">\n\t\t\t\t\t\t<span class=\"elementor-button-icon\">\n\t\t\t\t<svg aria-hidden=\"true\" class=\"e-font-icon-svg e-fas-arrow-alt-circle-down\" viewbox=\"0 0 512 512\" xmlns=\"http:\/\/www.w3.org\/2000\/svg\"><path d=\"M504 256c0 137-111 248-248 248S8 393 8 256 119 8 256 8s248 111 248 248zM212 140v116h-70.9c-10.7 0-16.1 13-8.5 20.5l114.9 114.3c4.7 4.7 12.2 4.7 16.9 0l114.9-114.3c7.6-7.6 2.2-20.5-8.5-20.5H300V140c0-6.6-5.4-12-12-12h-64c-6.6 0-12 5.4-12 12z\"><\/path><\/svg>\t\t\t<\/span>\n\t\t\t\t\t\t\t\t\t<span class=\"elementor-button-text\">Duurzaamheidsrapport downloaden<\/span>\n\t\t\t\t\t<\/span>\n\t\t\t\t\t<\/a>\n\t\t\t\t\t\t\t\t<\/div>\n\t\t\t\t<\/div>\n\t\t\t\t<\/div>\n\t\t\t\t<\/div>\n\t\t\t\t\t<\/div>\n\t\t\t\t<\/div>\n\t\t<div data-particle_enable=\"false\" data-particle-mobile-disabled=\"false\" class=\"elementor-element elementor-element-6a71dde e-con-full animated-slow e-flex elementor-invisible e-con e-parent\" data-id=\"6a71dde\" data-element_type=\"container\" data-e-type=\"container\" data-settings=\"{&quot;background_background&quot;:&quot;classic&quot;,&quot;animation&quot;:&quot;fadeIn&quot;}\">\n\t\t<div data-particle_enable=\"false\" data-particle-mobile-disabled=\"false\" class=\"elementor-element elementor-element-9f726ea e-flex e-con-boxed e-con e-child\" data-id=\"9f726ea\" data-element_type=\"container\" data-e-type=\"container\">\n\t\t\t\t\t<div class=\"e-con-inner\">\n\t\t\t\t<div class=\"elementor-element elementor-element-70c3c29 elementor-tablet-align-center elementor-widget elementor-widget-button\" data-id=\"70c3c29\" data-element_type=\"widget\" data-e-type=\"widget\" data-widget_type=\"button.default\">\n\t\t\t\t\t\t\t\t\t\t<a class=\"elementor-button elementor-button-link elementor-size-sm\" href=\"https:\/\/greenmood.be\/nl\/oplossingen\/\">\n\t\t\t\t\t\t<span class=\"elementor-button-content-wrapper\">\n\t\t\t\t\t\t\t\t\t<span class=\"elementor-button-text\">Ontdek onze oplossingen<\/span>\n\t\t\t\t\t<\/span>\n\t\t\t\t\t<\/a>\n\t\t\t\t\t\t\t\t<\/div>\n\t\t\t\t<div class=\"elementor-element elementor-element-f1637a3 elementor-tablet-align-center elementor-widget elementor-widget-button\" data-id=\"f1637a3\" data-element_type=\"widget\" data-e-type=\"widget\" data-widget_type=\"button.default\">\n\t\t\t\t\t\t\t\t\t\t<a class=\"elementor-button elementor-button-link elementor-size-sm\" href=\"https:\/\/greenmood.be\/nl\/ontwerp_collectie\/\">\n\t\t\t\t\t\t<span class=\"elementor-button-content-wrapper\">\n\t\t\t\t\t\t\t\t\t<span class=\"elementor-button-text\">Ontdek onze producten<\/span>\n\t\t\t\t\t<\/span>\n\t\t\t\t\t<\/a>\n\t\t\t\t\t\t\t\t<\/div>\n\t\t\t\t\t<\/div>\n\t\t\t\t<\/div>\n\t\t\t\t<\/div>\n\t\t\t\t<\/div>","protected":false},"excerpt":{"rendered":"<p>Sustainability&nbsp;&nbsp;&nbsp;&nbsp;Sustainability&nbsp;&nbsp;&nbsp;&nbsp; Notre vision de la durabilit\u00e9 Chez Greenmood, nous pensons que la durabilit\u00e9 d\u00e9passe l\u2019obligation environnementale : c\u2019est une mani\u00e8re de concevoir des espaces qui prennent soin des personnes et de la nature. Si beaucoup associent la durabilit\u00e9 au monde ext\u00e9rieur, notre approche biophilique s\u2019attache tout autant aux environnements int\u00e9rieurs o\u00f9 l\u2019on vit et travaille. [&hellip;]<\/p>\n","protected":false},"author":1,"featured_media":0,"parent":0,"menu_order":0,"comment_status":"closed","ping_status":"closed","template":"elementor_header_footer","meta":{"_seopress_robots_primary_cat":"","_seopress_titles_title":"Durabilit\u00e9 \u2014 Greenmood Belgique","_seopress_titles_desc":"Durabilit\u00e9 Greenmood : mat\u00e9riaux \u00e9coresponsables, stabilisation v\u00e9g\u00e9tale et production responsable en Belgique.","_seopress_robots_index":"","footnotes":""},"class_list":["post-2549","page","type-page","status-publish","hentry"],"_links":{"self":[{"href":"https:\/\/greenmood.be\/nl\/wp-json\/wp\/v2\/pages\/2549","targetHints":{"allow":["GET"]}}],"collection":[{"href":"https:\/\/greenmood.be\/nl\/wp-json\/wp\/v2\/pages"}],"about":[{"href":"https:\/\/greenmood.be\/nl\/wp-json\/wp\/v2\/types\/page"}],"author":[{"embeddable":true,"href":"https:\/\/greenmood.be\/nl\/wp-json\/wp\/v2\/users\/1"}],"replies":[{"embeddable":true,"href":"https:\/\/greenmood.be\/nl\/wp-json\/wp\/v2\/comments?post=2549"}],"version-history":[{"count":0,"href":"https:\/\/greenmood.be\/nl\/wp-json\/wp\/v2\/pages\/2549\/revisions"}],"wp:attachment":[{"href":"https:\/\/greenmood.be\/nl\/wp-json\/wp\/v2\/media?parent=2549"}],"curies":[{"name":"wp","href":"https:\/\/api.w.org\/{rel}","templated":true}]}}