{"id":3,"date":"2025-05-27T09:10:26","date_gmt":"2025-05-27T09:10:26","guid":{"rendered":"https:\/\/greenmood.us\/be\/?page_id=3"},"modified":"2025-10-21T07:19:59","modified_gmt":"2025-10-21T07:19:59","slug":"politique-confidentialite","status":"publish","type":"page","link":"https:\/\/greenmood.be\/nl\/politique-confidentialite\/","title":{"rendered":"\ud83d\udee1\ufe0f Privacybeleid"},"content":{"rendered":"<div data-elementor-type=\"wp-page\" data-elementor-id=\"3\" class=\"elementor elementor-3\" data-elementor-post-type=\"page\">\n\t\t\t\t<div data-particle_enable=\"false\" data-particle-mobile-disabled=\"false\" class=\"elementor-element elementor-element-6bc6dd1f e-flex e-con-boxed e-con e-parent\" data-id=\"6bc6dd1f\" data-element_type=\"container\" data-e-type=\"container\">\n\t\t\t\t\t<div class=\"e-con-inner\">\n\t\t\t\t<div class=\"elementor-element elementor-element-2e0d4846 elementor-widget elementor-widget-text-editor\" data-id=\"2e0d4846\" data-element_type=\"widget\" data-e-type=\"widget\" data-widget_type=\"text-editor.default\">\n\t\t\t\t\t\t\t\t\t\n<p data-start=\"0\" data-end=\"36\">\ud83d\udee1\ufe0f <strong data-start=\"4\" data-end=\"36\">Privacybeleid<\/strong><\/p>\n<p data-start=\"38\" data-end=\"434\"><strong data-start=\"38\" data-end=\"57\">1. Inleiding<\/strong><br data-start=\"57\" data-end=\"60\" \/>The Pack &amp; Co SPRL (\u201cGreenmood\u201d of \u201cwij\u201d), gevestigd in Belgi\u00eb, cre\u00ebert oplossingen die het welzijn op het werk bevorderen via biophilic design. Dit privacybeleid legt uit hoe wij persoonsgegevens verwerken in overeenstemming met de Algemene Verordening Gegevensbescherming (AVG, GDPR) en andere toepasselijke wetgeving.<\/p>\n<p data-start=\"436\" data-end=\"699\"><strong data-start=\"436\" data-end=\"462\">2. Toepassingsgebied<\/strong><br data-start=\"462\" data-end=\"465\" \/>Dit privacybeleid is van toepassing op de verwerking van persoonsgegevens door alle Europese Greenmood-vennootschappen met betrekking tot personen die zich in de Europese Unie bevinden. De Greenmood-groep omvat:<\/p>\n<ul data-start=\"700\" data-end=\"948\">\n<li data-start=\"700\" data-end=\"771\">\n<p data-start=\"702\" data-end=\"771\">Pack &amp; Co SPRL, Square de l\u2019Atomium 1\/102, 1020 Brussel, Belgi\u00eb<\/p>\n<\/li>\n<li data-start=\"772\" data-end=\"842\">\n<p data-start=\"774\" data-end=\"842\">Greenmood Poland Sp. z o.o., Ogrodowa 3, 66-450 Bogdaniec, Polen<\/p>\n<\/li>\n<li data-start=\"843\" data-end=\"948\">\n<p data-start=\"845\" data-end=\"948\">Biophilic Design Corp, 1599 E. 15th St. 5th Floor Suite C, Brooklyn, NY 11230, New York City, NY 10016<\/p>\n<\/li>\n<\/ul>\n<p data-start=\"950\" data-end=\"1076\"><strong data-start=\"950\" data-end=\"980\">3. Doeleinden van de verwerking<\/strong><br data-start=\"980\" data-end=\"983\" \/>Wij verwerken persoonsgegevens voor gerechtvaardigde bedrijfsdoeleinden, waaronder:<\/p>\n<ul data-start=\"1077\" data-end=\"1251\">\n<li data-start=\"1077\" data-end=\"1107\">\n<p data-start=\"1079\" data-end=\"1107\">Levering van onze diensten<\/p>\n<\/li>\n<li data-start=\"1108\" data-end=\"1143\">\n<p data-start=\"1110\" data-end=\"1143\">Communicatie met klanten<\/p>\n<\/li>\n<li data-start=\"1144\" data-end=\"1167\">\n<p data-start=\"1146\" data-end=\"1167\">Marketingactiviteiten<\/p>\n<\/li>\n<li data-start=\"1168\" data-end=\"1213\">\n<p data-start=\"1170\" data-end=\"1213\">Onderhoud van websites en systemen<\/p>\n<\/li>\n<li data-start=\"1214\" data-end=\"1251\">\n<p data-start=\"1216\" data-end=\"1251\">Beveiliging en fraudepreventie<\/p>\n<\/li>\n<\/ul>\n<p data-start=\"1253\" data-end=\"1407\"><strong data-start=\"1253\" data-end=\"1276\">4. Rechtsgrond<\/strong><br data-start=\"1276\" data-end=\"1279\" \/>Wij verwerken gegevens op basis van uitvoering van een overeenkomst, onze gerechtvaardigde belangen of op basis van toestemming wanneer dit vereist is.<\/p>\n<p data-start=\"1409\" data-end=\"1458\"><strong data-start=\"1409\" data-end=\"1426\">5. Uw rechten<\/strong><br data-start=\"1426\" data-end=\"1429\" \/>U heeft het recht om:<\/p>\n<ul data-start=\"1459\" data-end=\"1714\">\n<li data-start=\"1459\" data-end=\"1497\">\n<p data-start=\"1461\" data-end=\"1497\">Toegang te krijgen tot uw persoonsgegevens<\/p>\n<\/li>\n<li data-start=\"1498\" data-end=\"1549\">\n<p data-start=\"1500\" data-end=\"1549\">Rectificatie of verwijdering te vragen<\/p>\n<\/li>\n<li data-start=\"1550\" data-end=\"1591\">\n<p data-start=\"1552\" data-end=\"1591\">De verwerking te beperken of daartegen bezwaar te maken<\/p>\n<\/li>\n<li data-start=\"1592\" data-end=\"1634\">\n<p data-start=\"1594\" data-end=\"1634\">Gegevensoverdraagbaarheid te vragen<\/p>\n<\/li>\n<li data-start=\"1635\" data-end=\"1714\">\n<p data-start=\"1637\" data-end=\"1714\">Uw toestemming op elk moment in te trekken, ook voor direct marketing<\/p>\n<\/li>\n<\/ul>\n<p data-start=\"1716\" data-end=\"1984\"><strong data-start=\"1716\" data-end=\"1743\">6. Gegevensverzameling<\/strong><br data-start=\"1743\" data-end=\"1746\" \/>Wij verzamelen gegevens via onze websites, applicaties en interacties. Dit kan identificatiegegevens, contactgegevens, elektronische identificatoren, interactielogs en andere relevante informatie omvatten.<\/p>\n<p data-start=\"1986\" data-end=\"2172\"><strong data-start=\"1986\" data-end=\"2013\">7. Gegevensbeveiliging<\/strong><br data-start=\"2013\" data-end=\"2016\" \/>Wij nemen passende technische en organisatorische maatregelen om uw gegevens te beschermen tegen ongeoorloofde toegang, verlies of misbruik.<\/p>\n<p data-start=\"2174\" data-end=\"2345\"><strong data-start=\"2174\" data-end=\"2205\">8. Bewaartermijnen<\/strong><br data-start=\"2205\" data-end=\"2208\" \/>Wij bewaren gegevens alleen zolang dat nodig is om te voldoen aan onze wettelijke, contractuele of zakelijke verplichtingen.<\/p>\n<p data-start=\"2347\" data-end=\"2521\"><strong data-start=\"2347\" data-end=\"2373\">9. Delen van gegevens<\/strong><br data-start=\"2373\" data-end=\"2376\" \/>Wij kunnen persoonsgegevens delen met gelieerde ondernemingen, dienstverleners of autoriteiten wanneer de wet dit vereist.<\/p>\n<p data-start=\"2523\" data-end=\"2678\"><strong data-start=\"2523\" data-end=\"2551\">10. Geautomatiseerde besluitvorming<\/strong><br data-start=\"2551\" data-end=\"2554\" \/>Wij maken geen gebruik van geautomatiseerde besluitvorming die rechtsgevolgen of vergelijkbare, aanzienlijke gevolgen voor u heeft.<\/p>\n<p data-start=\"2680\" data-end=\"2791\"><strong data-start=\"2680\" data-end=\"2695\">11. Contact<\/strong><br data-start=\"2695\" data-end=\"2698\" \/>Voor vragen over privacy kunt u ons bereiken via: sales@greenmood.be <strong data-start=\"2768\" data-end=\"2790\"><a class=\"decorated-link cursor-pointer\" rel=\"noopener\" data-start=\"2770\" data-end=\"2788\">sales@greenmood.be<\/a><\/strong>.<\/p>\n<p data-start=\"2793\" data-end=\"2941\"><strong data-start=\"2793\" data-end=\"2813\">12. Updates<\/strong><br data-start=\"2813\" data-end=\"2816\" \/>Wij kunnen dit privacybeleid periodiek bijwerken. Eventuele wijzigingen worden op deze pagina gepubliceerd.<\/p>\n<p data-start=\"2943\" data-end=\"2980\" data-is-last-node=\"\" data-is-only-node=\"\"><strong data-start=\"2943\" data-end=\"2980\" data-is-last-node=\"\">Laatst bijgewerkt: 04.09.2025<\/strong><\/p>\t\t\t\t\t\t\t\t<\/div>\n\t\t\t\t\t<\/div>\n\t\t\t\t<\/div>\n\t\t\t\t<\/div>","protected":false},"excerpt":{"rendered":"<p>\ud83d\udee1\ufe0f Politique de confidentialit\u00e9 1. IntroductionThe Pack &amp; Co SPRL (\u00ab Greenmood \u00bb ou \u00ab nous \u00bb), dont le si\u00e8ge est en Belgique, cr\u00e9e des solutions favorisant le bien-\u00eatre au travail \u00e0 travers le design biophilique. La pr\u00e9sente Politique de confidentialit\u00e9 explique comment nous traitons les donn\u00e9es \u00e0 caract\u00e8re personnel conform\u00e9ment au R\u00e8glement g\u00e9n\u00e9ral sur [&hellip;]<\/p>\n","protected":false},"author":1,"featured_media":0,"parent":0,"menu_order":0,"comment_status":"closed","ping_status":"closed","template":"","meta":{"_seopress_robots_primary_cat":"","_seopress_titles_title":"Politique de confidentialit\u00e9","_seopress_titles_desc":"Lisez la politique de confidentialit\u00e9 de Greenmood. D\u00e9couvrez comment nous prot\u00e9geons vos donn\u00e9es et garantissons une navigation s\u00e9curis\u00e9e.","_seopress_robots_index":"","footnotes":""},"class_list":["post-3","page","type-page","status-publish","hentry"],"_links":{"self":[{"href":"https:\/\/greenmood.be\/nl\/wp-json\/wp\/v2\/pages\/3","targetHints":{"allow":["GET"]}}],"collection":[{"href":"https:\/\/greenmood.be\/nl\/wp-json\/wp\/v2\/pages"}],"about":[{"href":"https:\/\/greenmood.be\/nl\/wp-json\/wp\/v2\/types\/page"}],"author":[{"embeddable":true,"href":"https:\/\/greenmood.be\/nl\/wp-json\/wp\/v2\/users\/1"}],"replies":[{"embeddable":true,"href":"https:\/\/greenmood.be\/nl\/wp-json\/wp\/v2\/comments?post=3"}],"version-history":[{"count":0,"href":"https:\/\/greenmood.be\/nl\/wp-json\/wp\/v2\/pages\/3\/revisions"}],"wp:attachment":[{"href":"https:\/\/greenmood.be\/nl\/wp-json\/wp\/v2\/media?parent=3"}],"curies":[{"name":"wp","href":"https:\/\/api.w.org\/{rel}","templated":true}]}}