{"id":6871,"date":"2025-10-03T04:57:30","date_gmt":"2025-10-03T04:57:30","guid":{"rendered":"https:\/\/greenmood.us\/be\/?page_id=6871"},"modified":"2025-10-20T14:43:27","modified_gmt":"2025-10-20T14:43:27","slug":"icff-2024","status":"publish","type":"page","link":"https:\/\/greenmood.be\/nl\/icff-2024\/","title":{"rendered":"ICFF 2024"},"content":{"rendered":"<div data-elementor-type=\"wp-page\" data-elementor-id=\"6871\" class=\"elementor elementor-6871\" data-elementor-post-type=\"page\">\n\t\t\t\t<div data-particle_enable=\"false\" data-particle-mobile-disabled=\"false\" class=\"elementor-element elementor-element-ac6bae0 e-flex e-con-boxed e-con e-parent\" data-id=\"ac6bae0\" data-element_type=\"container\" data-e-type=\"container\">\n\t\t\t\t\t<div class=\"e-con-inner\">\n\t\t\t\t<div class=\"elementor-element elementor-element-29dbe57 elementor-widget elementor-widget-image\" data-id=\"29dbe57\" data-element_type=\"widget\" data-e-type=\"widget\" data-widget_type=\"image.default\">\n\t\t\t\t\t\t\t\t\t\t\t\t\t\t\t<img fetchpriority=\"high\" decoding=\"async\" width=\"800\" height=\"534\" src=\"https:\/\/greenmood.be\/wp-content\/uploads\/sites\/6\/2025\/10\/icff-2024-1024x683.webp\" class=\"attachment-large size-large wp-image-6873\" alt=\"Mensen bekijken moderne groene kunstinstallaties in galerie.\" srcset=\"https:\/\/greenmood.be\/wp-content\/uploads\/sites\/6\/2025\/10\/icff-2024-1024x683.webp 1024w, https:\/\/greenmood.be\/wp-content\/uploads\/sites\/6\/2025\/10\/icff-2024-300x200.webp 300w, https:\/\/greenmood.be\/wp-content\/uploads\/sites\/6\/2025\/10\/icff-2024-768x512.webp 768w, https:\/\/greenmood.be\/wp-content\/uploads\/sites\/6\/2025\/10\/icff-2024-1536x1024.webp 1536w, https:\/\/greenmood.be\/wp-content\/uploads\/sites\/6\/2025\/10\/icff-2024-18x12.webp 18w, https:\/\/greenmood.be\/wp-content\/uploads\/sites\/6\/2025\/10\/icff-2024.webp 1600w\" sizes=\"(max-width: 800px) 100vw, 800px\" \/>\t\t\t\t\t\t\t\t\t\t\t\t\t\t\t<\/div>\n\t\t\t\t\t<\/div>\n\t\t\t\t<\/div>\n\t\t<div data-particle_enable=\"false\" data-particle-mobile-disabled=\"false\" class=\"elementor-element elementor-element-d679391 e-flex e-con-boxed e-con e-parent\" data-id=\"d679391\" data-element_type=\"container\" data-e-type=\"container\">\n\t\t\t\t\t<div class=\"e-con-inner\">\n\t\t\t\t<div class=\"elementor-element elementor-element-a959b79 elementor-widget elementor-widget-heading\" data-id=\"a959b79\" data-element_type=\"widget\" data-e-type=\"widget\" data-widget_type=\"heading.default\">\n\t\t\t\t\t<h2 class=\"elementor-heading-title elementor-size-default\">Ontmoet ons en laat u inspireren op ICFF 2024!<\/h2>\t\t\t\t<\/div>\n\t\t\t\t<div class=\"elementor-element elementor-element-fd8a546 elementor-widget elementor-widget-text-editor\" data-id=\"fd8a546\" data-element_type=\"widget\" data-e-type=\"widget\" data-widget_type=\"text-editor.default\">\n\t\t\t\t\t\t\t\t\t<p data-start=\"61\" data-end=\"169\">Over enkele weken is ons team aanwezig op ICFF in New York \u2014 en we hopen u daar te ontmoeten.<\/p><p data-start=\"171\" data-end=\"379\">Het wordt de gelegenheid om onze nieuwste producten te ontdekken, waaronder <strong data-start=\"234\" data-end=\"252\">Cork Furniture<\/strong> en <strong data-start=\"256\" data-end=\"270\">Hoverlight<\/strong>, en van gedachten te wisselen over <strong data-start=\"293\" data-end=\"306\">biofilie<\/strong> en de voordelen van het integreren van <strong data-start=\"339\" data-end=\"361\">gepreserveerde planten<\/strong> in uw ruimtes.<\/p><p data-start=\"381\" data-end=\"409\"><strong data-start=\"381\" data-end=\"392\">Wanneer?<\/strong><br data-start=\"392\" data-end=\"395\" \/>19\u201321 mei 2024<\/p><p data-start=\"411\" data-end=\"483\"><strong data-start=\"411\" data-end=\"419\">O\u00f9 ?<\/strong><br data-start=\"419\" data-end=\"422\" \/><strong data-start=\"422\" data-end=\"435\">Stand 455<\/strong><br data-start=\"435\" data-end=\"438\" \/>Jacob Javits Congrescentrum<br data-start=\"468\" data-end=\"471\" \/><strong data-start=\"471\" data-end=\"483\">New York<\/strong><\/p><p data-start=\"485\" data-end=\"501\" data-is-last-node=\"\" data-is-only-node=\"\">Tot binnenkort!<\/p>\t\t\t\t\t\t\t\t<\/div>\n\t\t\t\t\t<\/div>\n\t\t\t\t<\/div>\n\t\t\t\t<\/div>","protected":false},"excerpt":{"rendered":"<p>Retrouvez-nous et laissez-vous inspirer \u00e0 l\u2019ICFF 2024 ! Dans quelques semaines, notre \u00e9quipe sera pr\u00e9sente \u00e0 l\u2019ICFF \u00e0 New York \u2014 et nous esp\u00e9rons vous y rencontrer. Ce sera l\u2019occasion de d\u00e9couvrir nos derni\u00e8res nouveaut\u00e9s, dont Cork Furniture et Hoverlight, et d\u2019\u00e9changer sur la biophilie et les avantages d\u2019int\u00e9grer des plantes pr\u00e9serv\u00e9es dans vos espaces. [&hellip;]<\/p>\n","protected":false},"author":1,"featured_media":0,"parent":0,"menu_order":0,"comment_status":"closed","ping_status":"closed","template":"","meta":{"_seopress_robots_primary_cat":"","_seopress_titles_title":"","_seopress_titles_desc":"","_seopress_robots_index":"yes","footnotes":""},"class_list":["post-6871","page","type-page","status-publish","hentry"],"_links":{"self":[{"href":"https:\/\/greenmood.be\/nl\/wp-json\/wp\/v2\/pages\/6871","targetHints":{"allow":["GET"]}}],"collection":[{"href":"https:\/\/greenmood.be\/nl\/wp-json\/wp\/v2\/pages"}],"about":[{"href":"https:\/\/greenmood.be\/nl\/wp-json\/wp\/v2\/types\/page"}],"author":[{"embeddable":true,"href":"https:\/\/greenmood.be\/nl\/wp-json\/wp\/v2\/users\/1"}],"replies":[{"embeddable":true,"href":"https:\/\/greenmood.be\/nl\/wp-json\/wp\/v2\/comments?post=6871"}],"version-history":[{"count":0,"href":"https:\/\/greenmood.be\/nl\/wp-json\/wp\/v2\/pages\/6871\/revisions"}],"wp:attachment":[{"href":"https:\/\/greenmood.be\/nl\/wp-json\/wp\/v2\/media?parent=6871"}],"curies":[{"name":"wp","href":"https:\/\/api.w.org\/{rel}","templated":true}]}}